{"id":10194,"date":"2021-02-26T14:18:26","date_gmt":"2021-02-26T13:18:26","guid":{"rendered":"https:\/\/labrobot.com\/aplicaciones\/"},"modified":"2024-09-20T09:59:53","modified_gmt":"2024-09-20T08:59:53","slug":"aplicaciones","status":"publish","type":"page","link":"https:\/\/labrobot.com\/es\/aplicaciones\/","title":{"rendered":"Aplicaciones"},"content":{"rendered":"\n<h1>\n\t\tTu aliado para contar microorganismos\n\t<\/h1>\n\t<p>El conteo de microorganismos se vuelve muy f\u00e1cil y r\u00e1pido cuando realizas tus diluciones seriadas con el Sistema Dilucup\u00ae.<\/p>\n<p>\u00a1Adem\u00e1s, har\u00e1s tus diluciones decimales el doble de r\u00e1pido que con tubos de diluci\u00f3n y un mezclador vortex! No importa cu\u00e1ntas diluciones necesites hacer, este sistema te permite diluir una muestra de 1 a 12 veces.<\/p>\n\t<p>Uno de los an\u00e1lisis microbiol\u00f3gicos m\u00e1s comunes es la cuantificaci\u00f3n de microorganismos o el conteo total de bacterias (CTB), donde la muestra debe diluirse previamente para reducir el n\u00famero de microorganismos a un nivel contable. <\/p>\n<p>La gama actual de diluyentes disponibles (<strong>MRD, NACL, BPW, EP<\/strong>), junto con el volumen de las copas (generalmente <strong>9 mL<\/strong>), hace que este sistema de diluci\u00f3n en serie sea muy adecuado para las siguientes industrias:<\/p>\n<h2>\n\t\tMicrobiolog\u00eda de los alimentos\n\t<\/h2>\n\t<p>Para garantizar la calidad de los alimentos y piensos, estos deben someterse a diversos an\u00e1lisis qu\u00edmicos y microbiol\u00f3gicos.<\/p>\n<p>Por lo general, se necesita una primera diluci\u00f3n en una bolsa Stomacher para matrices s\u00f3lidas como carne, pescado, huevo entero, verduras, pienso, leche en polvo, nata, etc.<\/p>\n<p>Diluyentes recomendados:<\/p>\n<ul>\n<li>Dilucup MRD<em> (Maximal Recovery Diluent) &#8211; <\/em>Diluyente de recuperaci\u00f3n m\u00e1xima<\/li>\n<li>Dilucup BPW <em>(Buffered Peptone Water) &#8211; <\/em>Agua de peptona tamponada<\/li>\n<\/ul>\n\t\t\t\t<img loading=\"lazy\" decoding=\"async\" src=\"https:\/\/labrobot.com\/wp-content\/uploads\/2024\/07\/dairy-1024x715.jpg\" alt=\"dairy products\" itemprop=\"image\" height=\"715\" width=\"1024\" title=\"dairy\" onerror=\"this.style.display='none'\"  \/>\n\t<h3>Industria l\u00e1ctea<\/h3>\n\t\t\t\t<img loading=\"lazy\" decoding=\"async\" src=\"https:\/\/labrobot.com\/wp-content\/uploads\/2022\/03\/livsmedel.jpg\" alt=\"livsmedel\" itemprop=\"image\" height=\"683\" width=\"1024\" title=\"livsmedel\" onerror=\"this.style.display='none'\"  \/>\n\t<h3>Seguridad alimentaria<\/h3>\n\t\t\t\t<img loading=\"lazy\" decoding=\"async\" src=\"https:\/\/labrobot.com\/wp-content\/uploads\/2024\/07\/animal-feed.jpg\" alt=\"animal feed\" itemprop=\"image\" height=\"480\" width=\"720\" title=\"animal feed\" onerror=\"this.style.display='none'\"  \/>\n\t<h3>Pienso para animales<\/h3>\n<h2>\n\t\tIndustria de los probi\u00f3ticos\n\t<\/h2>\n\t<p>Para realizar el recuento de cepas probi\u00f3ticas se necesitan diluyentes que tengan un volumen muy preciso, de lo contrario el error acumulado en cada diluci\u00f3n puede dar lugar a un resultado err\u00f3neo.<\/p>\n<p>Dilucup\u00ae es el \u00fanico sistema capaz de ofrecerte diluyentes listos para usar en el rango de 9 mL \u00b1 0,5% <a href=\"https:\/\/labrobot.com\/es\/volumen-de-diluyente-muy-preciso\/\">(lee el \u00faltimo an\u00e1lisis aqu\u00ed).<\/a><\/p>\n\t\t\t\t<img loading=\"lazy\" decoding=\"async\" src=\"https:\/\/labrobot.com\/wp-content\/uploads\/2024\/07\/bacteria.jpg\" alt=\"bacteria count\" itemprop=\"image\" height=\"480\" width=\"857\" title=\"bacteria\" onerror=\"this.style.display='none'\"  \/>\n\t<h3>Enumeraci\u00f3n de cepas probi\u00f3ticas<\/h3>\n\t\t\t\t<img loading=\"lazy\" decoding=\"async\" src=\"https:\/\/labrobot.com\/wp-content\/uploads\/2024\/07\/bifidus.jpg\" alt=\"bifidus\" itemprop=\"image\" height=\"480\" width=\"720\" title=\"bifidus\" onerror=\"this.style.display='none'\"  \/>\n\t<h3>Industria de los probi\u00f3ticos<\/h3>\n\t\t\t\t<a href=\"https:\/\/labrobot.com\/es\/volumen-de-diluyente-muy-preciso\/\" target=\"_self\" itemprop=\"url\" rel=\"noopener\">\n\t\t\t\t<img loading=\"lazy\" decoding=\"async\" src=\"https:\/\/labrobot.com\/wp-content\/uploads\/2024\/07\/Accurate-volume.png\" alt=\"accurate volume counts Dilucup\" itemprop=\"image\" height=\"1080\" width=\"1080\" title=\"Accurate volume\" onerror=\"this.style.display='none'\"  \/>\n\t\t\t\t<\/a>\n\t<h3>Vol\u00famenes de diluyente de alta precisi\u00f3n: perfectos para contar probi\u00f3ticos<\/h3>\n<h2>\n\t\tIndustria Bio\n\t<\/h2>\n\t<p>Los procesos biotecnol\u00f3gicos y especialmente todos los tipos de fermentaci\u00f3n necesitan ser controlados y monitoreados en varios niveles:<\/p>\n\t\t\t\t<img loading=\"lazy\" decoding=\"async\" src=\"https:\/\/labrobot.com\/wp-content\/uploads\/2024\/07\/starter.jpg\" alt=\"starter\" itemprop=\"image\" height=\"480\" width=\"720\" title=\"starter\" onerror=\"this.style.display='none'\"  \/>\n\t<h3>Control de pureza y concentraci\u00f3n de los fermentos <em>(bacterias, levaduras)<\/em><\/h3>\n\t\t\t\t<img loading=\"lazy\" decoding=\"async\" src=\"https:\/\/labrobot.com\/wp-content\/uploads\/2024\/07\/reactors.jpg\" alt=\"reactors\" itemprop=\"image\" height=\"480\" width=\"679\" title=\"reactors\" onerror=\"this.style.display='none'\"  \/>\n\t<h3>Cuantificaci\u00f3n de la poblaci\u00f3n microbiol\u00f3gica en reactores, fermentadores&#8230;<\/h3>\n\t\t\t\t<img loading=\"lazy\" decoding=\"async\" src=\"https:\/\/labrobot.com\/wp-content\/uploads\/2024\/07\/fermentation.jpg\" alt=\"fermentation\" itemprop=\"image\" height=\"480\" width=\"719\" title=\"fermentation\" onerror=\"this.style.display='none'\"  \/>\n\t<h3>Evaluaci\u00f3n de la calidad de los productos finales<\/h3>\n<h2>\n\t\tIndustria del papel\n\t<\/h2>\n\t<p>Las bacterias formadoras de lodo est\u00e1n prohibidas alrededor de las m\u00e1quinas de papel y su crecimiento se controla mediante el uso de combinaciones eficientes de productos qu\u00edmicos <em>(biocidas, agentes dispersantes&#8230;).<\/em><\/p>\n\t\t\t\t<img loading=\"lazy\" decoding=\"async\" src=\"https:\/\/labrobot.com\/wp-content\/uploads\/2024\/07\/paper-industry.jpg\" alt=\"paper industry\" itemprop=\"image\" height=\"480\" width=\"723\" title=\"paper industry\" onerror=\"this.style.display='none'\"  \/>\n\t<h3>Recuento de microorganismos presentes en los tanques<\/h3>\n\t\t\t\t<img loading=\"lazy\" decoding=\"async\" src=\"https:\/\/labrobot.com\/wp-content\/uploads\/2024\/07\/papers.jpg\" alt=\"papers\" itemprop=\"image\" height=\"480\" width=\"720\" title=\"papers\" onerror=\"this.style.display='none'\"  \/>\n\t<h3>Fabricaci\u00f3n de papel<\/h3>\n\t\t\t\t<img loading=\"lazy\" decoding=\"async\" src=\"https:\/\/labrobot.com\/wp-content\/uploads\/2014\/11\/o4hp1c4k.bmp\" alt=\"o4hp1c4k\" itemprop=\"image\" height=\"480\" width=\"720\" title=\"o4hp1c4k\" onerror=\"this.style.display='none'\"  \/>\n\t<h3>Control de microorganismos presentes en tuber\u00edas, estanques, torres de enfriamiento, etc.<\/h3>\n<h2>\n\t\tAguas residuales\n\t<\/h2>\n\t<p>El tratamiento biol\u00f3gico de aguas residuales es un m\u00e9todo de saneamiento que utiliza diferentes tipos de microorganismos para purificar y limpiar el agua contaminada, promoviendo as\u00ed un ambiente m\u00e1s saludable.<\/p>\n\t\t\t\t<img loading=\"lazy\" decoding=\"async\" src=\"https:\/\/labrobot.com\/wp-content\/uploads\/2024\/07\/water-treatment.jpg\" alt=\"water treatment\" itemprop=\"image\" height=\"480\" width=\"719\" title=\"water treatment\" onerror=\"this.style.display='none'\"  \/>\n\t<h3>Tratamiento biol\u00f3gico de aguas residuales<\/h3>\n\t\t\t\t<img loading=\"lazy\" decoding=\"async\" src=\"https:\/\/labrobot.com\/wp-content\/uploads\/2024\/07\/water-treatment-plant.jpg\" alt=\"water treatment\" itemprop=\"image\" height=\"480\" width=\"855\" title=\"water treatment plant\" onerror=\"this.style.display='none'\"  \/>\n\t<h3>Descontaminaci\u00f3n y reciclaje de aguas residuales<\/h3>\n\t\t\t\t<img loading=\"lazy\" decoding=\"async\" src=\"https:\/\/labrobot.com\/wp-content\/uploads\/2024\/07\/CFU-Dilucup.png\" alt=\"count of CFU\" itemprop=\"image\" height=\"2515\" width=\"3781\" title=\"CFU Dilucup\" onerror=\"this.style.display='none'\"  \/>\n\t<h3>Cuantificaci\u00f3n de microorganismos<\/h3>\n<h2>\n\t\tIndustria cosm\u00e9tica\n\t<\/h2>\n\t<p>Es habitual introducir inhibidores microbianos en los cosm\u00e9ticos para evitar la proliferaci\u00f3n de microorganismos en los productos. La eficacia de estos inhibidores debe comprobarse mediante un m\u00e9todo microbiol\u00f3gico.<\/p>\n\t\t\t\t<img loading=\"lazy\" decoding=\"async\" src=\"https:\/\/labrobot.com\/wp-content\/uploads\/2024\/07\/cosmetic-lab.jpg\" alt=\"cosmetic lab\" itemprop=\"image\" height=\"480\" width=\"720\" title=\"cosmetic lab\" onerror=\"this.style.display='none'\"  \/>\n\t<h3>Control de concentraciones iniciales de microorganismos de prueba<\/h3>\n\t\t\t\t<img loading=\"lazy\" decoding=\"async\" src=\"https:\/\/labrobot.com\/wp-content\/uploads\/2024\/07\/creams-cosmetic.jpg\" alt=\"creams cosmetic\" itemprop=\"image\" height=\"480\" width=\"857\" title=\"creams cosmetic\" onerror=\"this.style.display='none'\"  \/>\n\t<h3>Prueba de eficacia de los conservantes<\/h3>\n\t\t\t\t<img loading=\"lazy\" decoding=\"async\" src=\"https:\/\/labrobot.com\/wp-content\/uploads\/2024\/07\/cosmetics.jpg\" alt=\"cosmetics\" itemprop=\"image\" height=\"480\" width=\"720\" title=\"cosmetics\" onerror=\"this.style.display='none'\"  \/>\n\t<h3>Control de inhibidores microbianos<\/h3>\n\n","protected":false},"excerpt":{"rendered":"<p>Tu aliado para contar microorganismos El conteo de microorganismos se vuelve muy f\u00e1cil y r\u00e1pido cuando realizas tus diluciones seriadas con el Sistema Dilucup\u00ae. \u00a1Adem\u00e1s, har\u00e1s tus diluciones decimales el doble de r\u00e1pido que con tubos de diluci\u00f3n y un mezclador vortex! No importa cu\u00e1ntas diluciones necesites hacer, este sistema te permite diluir una muestra &#8230; <a title=\"Aplicaciones\" class=\"read-more\" href=\"https:\/\/labrobot.com\/es\/aplicaciones\/\" aria-label=\"Leer m\u00e1s sobre Aplicaciones\">Read more<\/a><\/p>\n","protected":false},"author":243,"featured_media":0,"parent":0,"menu_order":0,"comment_status":"closed","ping_status":"closed","template":"","meta":{"_acf_changed":false,"generate_page_header":"","footnotes":""},"class_list":["post-10194","page","type-page","status-publish"],"acf":[],"yoast_head":"<!-- This site is optimized with the Yoast SEO Premium plugin v27.3 (Yoast SEO v27.3) - https:\/\/yoast.com\/product\/yoast-seo-premium-wordpress\/ -->\n<title>\u00bfC\u00f3mo contar microorganismos?<\/title>\n<meta name=\"description\" content=\"El Sistema Dilucup es tu aliado para el recuento de microorganismos. Apto para microbiolog\u00eda alimentaria, enumeraci\u00f3n de cepas probi\u00f3ticas, industrias bio, papeleras...\" \/>\n<meta name=\"robots\" content=\"index, follow, max-snippet:-1, max-image-preview:large, max-video-preview:-1\" \/>\n<link rel=\"canonical\" href=\"https:\/\/labrobot.com\/es\/aplicaciones\/\" \/>\n<meta property=\"og:locale\" content=\"es_ES\" \/>\n<meta property=\"og:type\" content=\"article\" \/>\n<meta property=\"og:title\" content=\"Aplicaciones\" \/>\n<meta property=\"og:description\" content=\"El Sistema Dilucup es tu aliado para el recuento de microorganismos. Apto para microbiolog\u00eda alimentaria, enumeraci\u00f3n de cepas probi\u00f3ticas, industrias bio, papeleras...\" \/>\n<meta property=\"og:url\" content=\"https:\/\/labrobot.com\/es\/aplicaciones\/\" \/>\n<meta property=\"og:site_name\" content=\"LabRobot\" \/>\n<meta property=\"article:publisher\" content=\"https:\/\/www.facebook.com\/labrobotproductsab\" \/>\n<meta property=\"article:modified_time\" content=\"2024-09-20T08:59:53+00:00\" \/>\n<meta property=\"og:image\" content=\"https:\/\/labrobot.com\/wp-content\/uploads\/2024\/07\/dairy-1024x715.jpg\" \/>\n<meta name=\"twitter:card\" content=\"summary_large_image\" \/>\n<meta name=\"twitter:label1\" content=\"Tiempo de lectura\" \/>\n\t<meta name=\"twitter:data1\" content=\"3 minutos\" \/>\n<script type=\"application\/ld+json\" class=\"yoast-schema-graph\">{\"@context\":\"https:\\\/\\\/schema.org\",\"@graph\":[{\"@type\":\"WebPage\",\"@id\":\"https:\\\/\\\/labrobot.com\\\/es\\\/aplicaciones\\\/\",\"url\":\"https:\\\/\\\/labrobot.com\\\/es\\\/aplicaciones\\\/\",\"name\":\"\u00bfC\u00f3mo contar microorganismos?\",\"isPartOf\":{\"@id\":\"https:\\\/\\\/labrobot.com\\\/#website\"},\"primaryImageOfPage\":{\"@id\":\"https:\\\/\\\/labrobot.com\\\/es\\\/aplicaciones\\\/#primaryimage\"},\"image\":{\"@id\":\"https:\\\/\\\/labrobot.com\\\/es\\\/aplicaciones\\\/#primaryimage\"},\"thumbnailUrl\":\"https:\\\/\\\/labrobot.com\\\/wp-content\\\/uploads\\\/2024\\\/07\\\/dairy-1024x715.jpg\",\"datePublished\":\"2021-02-26T13:18:26+00:00\",\"dateModified\":\"2024-09-20T08:59:53+00:00\",\"description\":\"El Sistema Dilucup es tu aliado para el recuento de microorganismos. Apto para microbiolog\u00eda alimentaria, enumeraci\u00f3n de cepas probi\u00f3ticas, industrias bio, papeleras...\",\"breadcrumb\":{\"@id\":\"https:\\\/\\\/labrobot.com\\\/es\\\/aplicaciones\\\/#breadcrumb\"},\"inLanguage\":\"es\",\"potentialAction\":[{\"@type\":\"ReadAction\",\"target\":[\"https:\\\/\\\/labrobot.com\\\/es\\\/aplicaciones\\\/\"]}]},{\"@type\":\"ImageObject\",\"inLanguage\":\"es\",\"@id\":\"https:\\\/\\\/labrobot.com\\\/es\\\/aplicaciones\\\/#primaryimage\",\"url\":\"https:\\\/\\\/labrobot.com\\\/wp-content\\\/uploads\\\/2024\\\/07\\\/dairy-1024x715.jpg\",\"contentUrl\":\"https:\\\/\\\/labrobot.com\\\/wp-content\\\/uploads\\\/2024\\\/07\\\/dairy-1024x715.jpg\"},{\"@type\":\"BreadcrumbList\",\"@id\":\"https:\\\/\\\/labrobot.com\\\/es\\\/aplicaciones\\\/#breadcrumb\",\"itemListElement\":[{\"@type\":\"ListItem\",\"position\":1,\"name\":\"Home\",\"item\":\"https:\\\/\\\/labrobot.com\\\/es\\\/\"},{\"@type\":\"ListItem\",\"position\":2,\"name\":\"Aplicaciones\"}]},{\"@type\":\"WebSite\",\"@id\":\"https:\\\/\\\/labrobot.com\\\/#website\",\"url\":\"https:\\\/\\\/labrobot.com\\\/\",\"name\":\"LabRobot\",\"description\":\"Easy quick ergonomic serial dilution method\",\"publisher\":{\"@id\":\"https:\\\/\\\/labrobot.com\\\/#organization\"},\"potentialAction\":[{\"@type\":\"SearchAction\",\"target\":{\"@type\":\"EntryPoint\",\"urlTemplate\":\"https:\\\/\\\/labrobot.com\\\/?s={search_term_string}\"},\"query-input\":{\"@type\":\"PropertyValueSpecification\",\"valueRequired\":true,\"valueName\":\"search_term_string\"}}],\"inLanguage\":\"es\"},{\"@type\":\"Organization\",\"@id\":\"https:\\\/\\\/labrobot.com\\\/#organization\",\"name\":\"LabRobot Products AB\",\"url\":\"https:\\\/\\\/labrobot.com\\\/\",\"logo\":{\"@type\":\"ImageObject\",\"inLanguage\":\"es\",\"@id\":\"https:\\\/\\\/labrobot.com\\\/#\\\/schema\\\/logo\\\/image\\\/\",\"url\":\"https:\\\/\\\/labrobot.com\\\/wp-content\\\/uploads\\\/2018\\\/12\\\/LabRobot_LOGO_signatur.jpg\",\"contentUrl\":\"https:\\\/\\\/labrobot.com\\\/wp-content\\\/uploads\\\/2018\\\/12\\\/LabRobot_LOGO_signatur.jpg\",\"width\":200,\"height\":54,\"caption\":\"LabRobot Products AB\"},\"image\":{\"@id\":\"https:\\\/\\\/labrobot.com\\\/#\\\/schema\\\/logo\\\/image\\\/\"},\"sameAs\":[\"https:\\\/\\\/www.facebook.com\\\/labrobotproductsab\",\"https:\\\/\\\/www.linkedin.com\\\/company\\\/labrobot-products-ab\\\/\",\"https:\\\/\\\/www.youtube.com\\\/channel\\\/UCHGyF_OHfxI1No9ahbU-agQ\"]}]}<\/script>\n<!-- \/ Yoast SEO Premium plugin. -->","yoast_head_json":{"title":"\u00bfC\u00f3mo contar microorganismos?","description":"El Sistema Dilucup es tu aliado para el recuento de microorganismos. Apto para microbiolog\u00eda alimentaria, enumeraci\u00f3n de cepas probi\u00f3ticas, industrias bio, papeleras...","robots":{"index":"index","follow":"follow","max-snippet":"max-snippet:-1","max-image-preview":"max-image-preview:large","max-video-preview":"max-video-preview:-1"},"canonical":"https:\/\/labrobot.com\/es\/aplicaciones\/","og_locale":"es_ES","og_type":"article","og_title":"Aplicaciones","og_description":"El Sistema Dilucup es tu aliado para el recuento de microorganismos. Apto para microbiolog\u00eda alimentaria, enumeraci\u00f3n de cepas probi\u00f3ticas, industrias bio, papeleras...","og_url":"https:\/\/labrobot.com\/es\/aplicaciones\/","og_site_name":"LabRobot","article_publisher":"https:\/\/www.facebook.com\/labrobotproductsab","article_modified_time":"2024-09-20T08:59:53+00:00","og_image":[{"url":"https:\/\/labrobot.com\/wp-content\/uploads\/2024\/07\/dairy-1024x715.jpg","type":"","width":"","height":""}],"twitter_card":"summary_large_image","twitter_misc":{"Tiempo de lectura":"3 minutos"},"schema":{"@context":"https:\/\/schema.org","@graph":[{"@type":"WebPage","@id":"https:\/\/labrobot.com\/es\/aplicaciones\/","url":"https:\/\/labrobot.com\/es\/aplicaciones\/","name":"\u00bfC\u00f3mo contar microorganismos?","isPartOf":{"@id":"https:\/\/labrobot.com\/#website"},"primaryImageOfPage":{"@id":"https:\/\/labrobot.com\/es\/aplicaciones\/#primaryimage"},"image":{"@id":"https:\/\/labrobot.com\/es\/aplicaciones\/#primaryimage"},"thumbnailUrl":"https:\/\/labrobot.com\/wp-content\/uploads\/2024\/07\/dairy-1024x715.jpg","datePublished":"2021-02-26T13:18:26+00:00","dateModified":"2024-09-20T08:59:53+00:00","description":"El Sistema Dilucup es tu aliado para el recuento de microorganismos. Apto para microbiolog\u00eda alimentaria, enumeraci\u00f3n de cepas probi\u00f3ticas, industrias bio, papeleras...","breadcrumb":{"@id":"https:\/\/labrobot.com\/es\/aplicaciones\/#breadcrumb"},"inLanguage":"es","potentialAction":[{"@type":"ReadAction","target":["https:\/\/labrobot.com\/es\/aplicaciones\/"]}]},{"@type":"ImageObject","inLanguage":"es","@id":"https:\/\/labrobot.com\/es\/aplicaciones\/#primaryimage","url":"https:\/\/labrobot.com\/wp-content\/uploads\/2024\/07\/dairy-1024x715.jpg","contentUrl":"https:\/\/labrobot.com\/wp-content\/uploads\/2024\/07\/dairy-1024x715.jpg"},{"@type":"BreadcrumbList","@id":"https:\/\/labrobot.com\/es\/aplicaciones\/#breadcrumb","itemListElement":[{"@type":"ListItem","position":1,"name":"Home","item":"https:\/\/labrobot.com\/es\/"},{"@type":"ListItem","position":2,"name":"Aplicaciones"}]},{"@type":"WebSite","@id":"https:\/\/labrobot.com\/#website","url":"https:\/\/labrobot.com\/","name":"LabRobot","description":"Easy quick ergonomic serial dilution method","publisher":{"@id":"https:\/\/labrobot.com\/#organization"},"potentialAction":[{"@type":"SearchAction","target":{"@type":"EntryPoint","urlTemplate":"https:\/\/labrobot.com\/?s={search_term_string}"},"query-input":{"@type":"PropertyValueSpecification","valueRequired":true,"valueName":"search_term_string"}}],"inLanguage":"es"},{"@type":"Organization","@id":"https:\/\/labrobot.com\/#organization","name":"LabRobot Products AB","url":"https:\/\/labrobot.com\/","logo":{"@type":"ImageObject","inLanguage":"es","@id":"https:\/\/labrobot.com\/#\/schema\/logo\/image\/","url":"https:\/\/labrobot.com\/wp-content\/uploads\/2018\/12\/LabRobot_LOGO_signatur.jpg","contentUrl":"https:\/\/labrobot.com\/wp-content\/uploads\/2018\/12\/LabRobot_LOGO_signatur.jpg","width":200,"height":54,"caption":"LabRobot Products AB"},"image":{"@id":"https:\/\/labrobot.com\/#\/schema\/logo\/image\/"},"sameAs":["https:\/\/www.facebook.com\/labrobotproductsab","https:\/\/www.linkedin.com\/company\/labrobot-products-ab\/","https:\/\/www.youtube.com\/channel\/UCHGyF_OHfxI1No9ahbU-agQ"]}]}},"_links":{"self":[{"href":"https:\/\/labrobot.com\/es\/wp-json\/wp\/v2\/pages\/10194","targetHints":{"allow":["GET"]}}],"collection":[{"href":"https:\/\/labrobot.com\/es\/wp-json\/wp\/v2\/pages"}],"about":[{"href":"https:\/\/labrobot.com\/es\/wp-json\/wp\/v2\/types\/page"}],"author":[{"embeddable":true,"href":"https:\/\/labrobot.com\/es\/wp-json\/wp\/v2\/users\/243"}],"replies":[{"embeddable":true,"href":"https:\/\/labrobot.com\/es\/wp-json\/wp\/v2\/comments?post=10194"}],"version-history":[{"count":0,"href":"https:\/\/labrobot.com\/es\/wp-json\/wp\/v2\/pages\/10194\/revisions"}],"wp:attachment":[{"href":"https:\/\/labrobot.com\/es\/wp-json\/wp\/v2\/media?parent=10194"}],"curies":[{"name":"wp","href":"https:\/\/api.w.org\/{rel}","templated":true}]}}