{"id":10177,"date":"2021-12-12T15:09:16","date_gmt":"2021-12-12T14:09:16","guid":{"rendered":"https:\/\/labrobot.com\/sobre-nosostros\/"},"modified":"2025-05-19T10:36:50","modified_gmt":"2025-05-19T09:36:50","slug":"sobre-nosostros","status":"publish","type":"page","link":"https:\/\/labrobot.com\/es\/sobre-nosostros\/","title":{"rendered":"Sobre nosostros"},"content":{"rendered":"\n<h1>\n\t\tSomos expertos en diluciones en serie\n\t<\/h1>\n\t<h2>LabRobot Products AB<br \/>\nSuecia<\/h2>\n<h3>\n\t\tSobre nosotros\n\t<\/h3>\n\t<p>LabRobot Products AB comenz\u00f3 en <strong>1986<\/strong> desarrollando sistemas rob\u00f3ticos de laboratorio. En 1991, la empresa cambi\u00f3 su enfoque de los sistemas rob\u00f3ticos a instrumentos de laboratorio m\u00e1s peque\u00f1os, como bombas perist\u00e1lticas, sistemas de llenado y abridores de tubos.<\/p>\n\t<meta itemprop=\"url\" content=\"https:\/\/labrobot.com\/wp-content\/uploads\/2025\/05\/Welcome-to-LabRobot-Sweden-web.mp4\" \/><div style=\"width: 640px;\" class=\"wp-video\"><video muted class=\"wp-video-shortcode\" id=\"video-10177-1\" width=\"640\" height=\"360\" loop autoplay preload=\"metadata\" controls=\"controls\"><source type=\"video\/mp4\" src=\"https:\/\/labrobot.com\/wp-content\/uploads\/2025\/05\/Welcome-to-LabRobot-Sweden-web.mp4?_=1\" \/><source type=\"video\/mp4\" src=\"https:\/\/labrobot.com\/wp-content\/uploads\/2025\/05\/Welcome-to-LabRobot-Sweden-web.mp4?_=1\" \/><a href=\"https:\/\/labrobot.com\/wp-content\/uploads\/2025\/05\/Welcome-to-LabRobot-Sweden-web.mp4\">https:\/\/labrobot.com\/wp-content\/uploads\/2025\/05\/Welcome-to-LabRobot-Sweden-web.mp4<\/a><\/video><\/div>\n\t<p>El Sistema Dilucup\u00ae se introdujo en Suecia en 2001 y, desde su lanzamiento, las ventas de Dilucup\u00ae se han expandido continuamente en Europa y Am\u00e9rica del Norte. Hoy en d\u00eda, se venden m\u00e1s de 6 millones de unidades de Dilucup cada a\u00f1o en m\u00e1s de 25 pa\u00edses a trav\u00e9s de una red de distribuidores independientes.<\/p>\n\t\t\t\t<img loading=\"lazy\" decoding=\"async\" src=\"https:\/\/labrobot.com\/wp-content\/uploads\/2021\/06\/history-english-1024x334.jpg\" alt=\"history LR11\" itemprop=\"image\" height=\"334\" width=\"1024\" title=\"history LR11\" onerror=\"this.style.display='none'\"  \/>\n\t<p>Desde julio de 2007 hasta marzo de 2016, LabRobot Products AB form\u00f3 parte de la divisi\u00f3n Addtech Life Science del grupo Addtech AB. <\/p>\n<p>El 16 de marzo de 2016, esta divisi\u00f3n, renombrada <strong><a href=\"http:\/\/www.add.life\">AddLife<\/a><\/strong>, se convirti\u00f3 en un grupo independiente cotizado en Nasdaq Estocolmo.<\/p>\n\t<p><img loading=\"lazy\" decoding=\"async\" src=\"https:\/\/labrobot.com\/wp-content\/uploads\/2022\/08\/LabRobot_LOGO-transparent-300x82.png\" alt=\"\" width=\"275\" height=\"75\" \/><a href=\"http:\/\/www.add.life\"><img loading=\"lazy\" decoding=\"async\" src=\"https:\/\/labrobot.com\/wp-content\/uploads\/2022\/08\/a-part-of-addlife-300x44.png\" alt=\"\" width=\"259\" height=\"38\" \/><\/a><\/p>\n<h4>\n\t\tNuestra visi\u00f3n\n\t<\/h4>\n\t\t\t\t<img loading=\"lazy\" decoding=\"async\" src=\"https:\/\/labrobot.com\/wp-content\/uploads\/2021\/11\/vision-labrobot.jpg\" alt=\"vision labrobot\" itemprop=\"image\" height=\"96\" width=\"1121\" title=\"vision labrobot\" onerror=\"this.style.display='none'\"  \/>\n\t<p>Nuestra visi\u00f3n se basa en las siguientes premisas:<\/p>\n<ol>\n<li>Nuestra experiencia es en t\u00e9cnicas de diluci\u00f3n en serie en microbiolog\u00eda de alimentos.<\/li>\n<li>Nuestro sistema est\u00e1 dise\u00f1ado para un uso a largo plazo y construimos una relaci\u00f3n duradera con nuestros clientes.<\/li>\n<li>Nuestro sistema es efectivo, ergon\u00f3mico y previene lesiones por esfuerzos repetitivos.<\/li>\n<\/ol>\n\t<h2>Producci\u00f3n<\/h2>\n<p>La producci\u00f3n de Dilucup\u00ae, hist\u00f3ricamente realizada manualmente en una f\u00e1brica separada en el sur de Gotemburgo, se transfiri\u00f3 a Stenungsund a principios de 2009.<\/p>\n<p>Dilucup\u00ae se produce en una l\u00ednea de producci\u00f3n automatizada dentro de una sala limpia para minimizar la contaminaci\u00f3n.<\/p>\n<p>Dilushaker III y Dilugent\u00aeShaker, tambi\u00e9n se ensamblan en Stenungsund.<\/p>\n\t\t\t<img decoding=\"async\" loading='false' src=\"https:\/\/labrobot.com\/wp-content\/uploads\/2021\/10\/cleanroom-production-dilucup-1024x681.jpg\" alt=\"\" \/>\t\t\t\n\t\t\t<img decoding=\"async\" loading='false' src=\"https:\/\/labrobot.com\/wp-content\/uploads\/2014\/12\/Produktion-1024x462.jpg\" alt=\"\" \/>\t\t\t\n\t\t\t<img decoding=\"async\" loading='false' src=\"http:\/\/labrobot.com\/wp-content\/uploads\/2014\/12\/Dilushaker-assembly-1.jpg\" alt=\"\" \/>\t\t\t\n\t\t\t<img decoding=\"async\" loading='false' src=\"https:\/\/labrobot.com\/wp-content\/uploads\/2024\/08\/pallets-dilucup-scaled.jpg\" alt=\"pallets dilucup\" \/>\t\t\t\n\t<iframe src=\"https:\/\/www.google.com\/maps\/embed\/v1\/place?q=Munker%C3%B6dsv%C3%A4gen+4%0A444+32+Stenungsund%2C+Sweden&#038;key=AIzaSyD09zQ9PNDNNy9TadMuzRV_UsPUoWKntt8\" aria-hidden=\"true\"><\/iframe>\n<h5>\n\t\tNuestra ubicaci\u00f3n en Suecia\n\t<\/h5>\n\t<p>LabRobot Products AB est\u00e1 ubicada en la ciudad de Stenungsund, a 45 km del norte de Gotemburgo, en la costa oeste de Suecia.<\/p>\n\n","protected":false},"excerpt":{"rendered":"<p>Somos expertos en diluciones en serie LabRobot Products AB Suecia Sobre nosotros LabRobot Products AB comenz\u00f3 en 1986 desarrollando sistemas rob\u00f3ticos de laboratorio. En 1991, la empresa cambi\u00f3 su enfoque de los sistemas rob\u00f3ticos a instrumentos de laboratorio m\u00e1s peque\u00f1os, como bombas perist\u00e1lticas, sistemas de llenado y abridores de tubos. El Sistema Dilucup\u00ae se introdujo &#8230; <a title=\"Sobre nosostros\" class=\"read-more\" href=\"https:\/\/labrobot.com\/es\/sobre-nosostros\/\" aria-label=\"Leer m\u00e1s sobre Sobre nosostros\">Read more<\/a><\/p>\n","protected":false},"author":7,"featured_media":0,"parent":0,"menu_order":1,"comment_status":"closed","ping_status":"closed","template":"","meta":{"_acf_changed":false,"generate_page_header":"","footnotes":""},"class_list":["post-10177","page","type-page","status-publish"],"acf":[],"yoast_head":"<!-- This site is optimized with the Yoast SEO Premium plugin v27.3 (Yoast SEO v27.3) - https:\/\/yoast.com\/product\/yoast-seo-premium-wordpress\/ -->\n<title>Diluci\u00f3n decimal para recuento de microorganismos | LabRobot<\/title>\n<meta name=\"description\" content=\"Desarrollamos una soluci\u00f3n innovadora para la diluci\u00f3n en serie que es eficiente, rentable, ahorra tiempo y es conveniente de usar.\" \/>\n<meta name=\"robots\" content=\"index, follow, max-snippet:-1, max-image-preview:large, max-video-preview:-1\" \/>\n<link rel=\"canonical\" href=\"https:\/\/labrobot.com\/es\/sobre-nosostros\/\" \/>\n<meta property=\"og:locale\" content=\"es_ES\" \/>\n<meta property=\"og:type\" content=\"article\" \/>\n<meta property=\"og:title\" content=\"Sobre nosostros\" \/>\n<meta property=\"og:description\" content=\"Desarrollamos una soluci\u00f3n innovadora para la diluci\u00f3n en serie que es eficiente, rentable, ahorra tiempo y es conveniente de usar.\" \/>\n<meta property=\"og:url\" content=\"https:\/\/labrobot.com\/es\/sobre-nosostros\/\" \/>\n<meta property=\"og:site_name\" content=\"LabRobot\" \/>\n<meta property=\"article:publisher\" content=\"https:\/\/www.facebook.com\/labrobotproductsab\" \/>\n<meta property=\"article:modified_time\" content=\"2025-05-19T09:36:50+00:00\" \/>\n<meta property=\"og:image\" content=\"https:\/\/labrobot.com\/wp-content\/uploads\/2021\/06\/history-english-1024x334.jpg\" \/>\n<meta name=\"twitter:card\" content=\"summary_large_image\" \/>\n<meta name=\"twitter:label1\" content=\"Tiempo de lectura\" \/>\n\t<meta name=\"twitter:data1\" content=\"2 minutos\" \/>\n<script type=\"application\/ld+json\" class=\"yoast-schema-graph\">{\"@context\":\"https:\\\/\\\/schema.org\",\"@graph\":[{\"@type\":\"WebPage\",\"@id\":\"https:\\\/\\\/labrobot.com\\\/es\\\/sobre-nosostros\\\/\",\"url\":\"https:\\\/\\\/labrobot.com\\\/es\\\/sobre-nosostros\\\/\",\"name\":\"Diluci\u00f3n decimal para recuento de microorganismos | LabRobot\",\"isPartOf\":{\"@id\":\"https:\\\/\\\/labrobot.com\\\/#website\"},\"primaryImageOfPage\":{\"@id\":\"https:\\\/\\\/labrobot.com\\\/es\\\/sobre-nosostros\\\/#primaryimage\"},\"image\":{\"@id\":\"https:\\\/\\\/labrobot.com\\\/es\\\/sobre-nosostros\\\/#primaryimage\"},\"thumbnailUrl\":\"https:\\\/\\\/labrobot.com\\\/wp-content\\\/uploads\\\/2021\\\/06\\\/history-english-1024x334.jpg\",\"datePublished\":\"2021-12-12T14:09:16+00:00\",\"dateModified\":\"2025-05-19T09:36:50+00:00\",\"description\":\"Desarrollamos una soluci\u00f3n innovadora para la diluci\u00f3n en serie que es eficiente, rentable, ahorra tiempo y es conveniente de usar.\",\"breadcrumb\":{\"@id\":\"https:\\\/\\\/labrobot.com\\\/es\\\/sobre-nosostros\\\/#breadcrumb\"},\"inLanguage\":\"es\",\"potentialAction\":[{\"@type\":\"ReadAction\",\"target\":[\"https:\\\/\\\/labrobot.com\\\/es\\\/sobre-nosostros\\\/\"]}]},{\"@type\":\"ImageObject\",\"inLanguage\":\"es\",\"@id\":\"https:\\\/\\\/labrobot.com\\\/es\\\/sobre-nosostros\\\/#primaryimage\",\"url\":\"https:\\\/\\\/labrobot.com\\\/wp-content\\\/uploads\\\/2021\\\/06\\\/history-english-1024x334.jpg\",\"contentUrl\":\"https:\\\/\\\/labrobot.com\\\/wp-content\\\/uploads\\\/2021\\\/06\\\/history-english-1024x334.jpg\"},{\"@type\":\"BreadcrumbList\",\"@id\":\"https:\\\/\\\/labrobot.com\\\/es\\\/sobre-nosostros\\\/#breadcrumb\",\"itemListElement\":[{\"@type\":\"ListItem\",\"position\":1,\"name\":\"Home\",\"item\":\"https:\\\/\\\/labrobot.com\\\/es\\\/\"},{\"@type\":\"ListItem\",\"position\":2,\"name\":\"Sobre nosostros\"}]},{\"@type\":\"WebSite\",\"@id\":\"https:\\\/\\\/labrobot.com\\\/#website\",\"url\":\"https:\\\/\\\/labrobot.com\\\/\",\"name\":\"LabRobot\",\"description\":\"Easy quick ergonomic serial dilution method\",\"publisher\":{\"@id\":\"https:\\\/\\\/labrobot.com\\\/#organization\"},\"potentialAction\":[{\"@type\":\"SearchAction\",\"target\":{\"@type\":\"EntryPoint\",\"urlTemplate\":\"https:\\\/\\\/labrobot.com\\\/?s={search_term_string}\"},\"query-input\":{\"@type\":\"PropertyValueSpecification\",\"valueRequired\":true,\"valueName\":\"search_term_string\"}}],\"inLanguage\":\"es\"},{\"@type\":\"Organization\",\"@id\":\"https:\\\/\\\/labrobot.com\\\/#organization\",\"name\":\"LabRobot Products AB\",\"url\":\"https:\\\/\\\/labrobot.com\\\/\",\"logo\":{\"@type\":\"ImageObject\",\"inLanguage\":\"es\",\"@id\":\"https:\\\/\\\/labrobot.com\\\/#\\\/schema\\\/logo\\\/image\\\/\",\"url\":\"https:\\\/\\\/labrobot.com\\\/wp-content\\\/uploads\\\/2018\\\/12\\\/LabRobot_LOGO_signatur.jpg\",\"contentUrl\":\"https:\\\/\\\/labrobot.com\\\/wp-content\\\/uploads\\\/2018\\\/12\\\/LabRobot_LOGO_signatur.jpg\",\"width\":200,\"height\":54,\"caption\":\"LabRobot Products AB\"},\"image\":{\"@id\":\"https:\\\/\\\/labrobot.com\\\/#\\\/schema\\\/logo\\\/image\\\/\"},\"sameAs\":[\"https:\\\/\\\/www.facebook.com\\\/labrobotproductsab\",\"https:\\\/\\\/www.linkedin.com\\\/company\\\/labrobot-products-ab\\\/\",\"https:\\\/\\\/www.youtube.com\\\/channel\\\/UCHGyF_OHfxI1No9ahbU-agQ\"]}]}<\/script>\n<!-- \/ Yoast SEO Premium plugin. -->","yoast_head_json":{"title":"Diluci\u00f3n decimal para recuento de microorganismos | LabRobot","description":"Desarrollamos una soluci\u00f3n innovadora para la diluci\u00f3n en serie que es eficiente, rentable, ahorra tiempo y es conveniente de usar.","robots":{"index":"index","follow":"follow","max-snippet":"max-snippet:-1","max-image-preview":"max-image-preview:large","max-video-preview":"max-video-preview:-1"},"canonical":"https:\/\/labrobot.com\/es\/sobre-nosostros\/","og_locale":"es_ES","og_type":"article","og_title":"Sobre nosostros","og_description":"Desarrollamos una soluci\u00f3n innovadora para la diluci\u00f3n en serie que es eficiente, rentable, ahorra tiempo y es conveniente de usar.","og_url":"https:\/\/labrobot.com\/es\/sobre-nosostros\/","og_site_name":"LabRobot","article_publisher":"https:\/\/www.facebook.com\/labrobotproductsab","article_modified_time":"2025-05-19T09:36:50+00:00","og_image":[{"url":"https:\/\/labrobot.com\/wp-content\/uploads\/2021\/06\/history-english-1024x334.jpg","type":"","width":"","height":""}],"twitter_card":"summary_large_image","twitter_misc":{"Tiempo de lectura":"2 minutos"},"schema":{"@context":"https:\/\/schema.org","@graph":[{"@type":"WebPage","@id":"https:\/\/labrobot.com\/es\/sobre-nosostros\/","url":"https:\/\/labrobot.com\/es\/sobre-nosostros\/","name":"Diluci\u00f3n decimal para recuento de microorganismos | LabRobot","isPartOf":{"@id":"https:\/\/labrobot.com\/#website"},"primaryImageOfPage":{"@id":"https:\/\/labrobot.com\/es\/sobre-nosostros\/#primaryimage"},"image":{"@id":"https:\/\/labrobot.com\/es\/sobre-nosostros\/#primaryimage"},"thumbnailUrl":"https:\/\/labrobot.com\/wp-content\/uploads\/2021\/06\/history-english-1024x334.jpg","datePublished":"2021-12-12T14:09:16+00:00","dateModified":"2025-05-19T09:36:50+00:00","description":"Desarrollamos una soluci\u00f3n innovadora para la diluci\u00f3n en serie que es eficiente, rentable, ahorra tiempo y es conveniente de usar.","breadcrumb":{"@id":"https:\/\/labrobot.com\/es\/sobre-nosostros\/#breadcrumb"},"inLanguage":"es","potentialAction":[{"@type":"ReadAction","target":["https:\/\/labrobot.com\/es\/sobre-nosostros\/"]}]},{"@type":"ImageObject","inLanguage":"es","@id":"https:\/\/labrobot.com\/es\/sobre-nosostros\/#primaryimage","url":"https:\/\/labrobot.com\/wp-content\/uploads\/2021\/06\/history-english-1024x334.jpg","contentUrl":"https:\/\/labrobot.com\/wp-content\/uploads\/2021\/06\/history-english-1024x334.jpg"},{"@type":"BreadcrumbList","@id":"https:\/\/labrobot.com\/es\/sobre-nosostros\/#breadcrumb","itemListElement":[{"@type":"ListItem","position":1,"name":"Home","item":"https:\/\/labrobot.com\/es\/"},{"@type":"ListItem","position":2,"name":"Sobre nosostros"}]},{"@type":"WebSite","@id":"https:\/\/labrobot.com\/#website","url":"https:\/\/labrobot.com\/","name":"LabRobot","description":"Easy quick ergonomic serial dilution method","publisher":{"@id":"https:\/\/labrobot.com\/#organization"},"potentialAction":[{"@type":"SearchAction","target":{"@type":"EntryPoint","urlTemplate":"https:\/\/labrobot.com\/?s={search_term_string}"},"query-input":{"@type":"PropertyValueSpecification","valueRequired":true,"valueName":"search_term_string"}}],"inLanguage":"es"},{"@type":"Organization","@id":"https:\/\/labrobot.com\/#organization","name":"LabRobot Products AB","url":"https:\/\/labrobot.com\/","logo":{"@type":"ImageObject","inLanguage":"es","@id":"https:\/\/labrobot.com\/#\/schema\/logo\/image\/","url":"https:\/\/labrobot.com\/wp-content\/uploads\/2018\/12\/LabRobot_LOGO_signatur.jpg","contentUrl":"https:\/\/labrobot.com\/wp-content\/uploads\/2018\/12\/LabRobot_LOGO_signatur.jpg","width":200,"height":54,"caption":"LabRobot Products AB"},"image":{"@id":"https:\/\/labrobot.com\/#\/schema\/logo\/image\/"},"sameAs":["https:\/\/www.facebook.com\/labrobotproductsab","https:\/\/www.linkedin.com\/company\/labrobot-products-ab\/","https:\/\/www.youtube.com\/channel\/UCHGyF_OHfxI1No9ahbU-agQ"]}]}},"_links":{"self":[{"href":"https:\/\/labrobot.com\/es\/wp-json\/wp\/v2\/pages\/10177","targetHints":{"allow":["GET"]}}],"collection":[{"href":"https:\/\/labrobot.com\/es\/wp-json\/wp\/v2\/pages"}],"about":[{"href":"https:\/\/labrobot.com\/es\/wp-json\/wp\/v2\/types\/page"}],"author":[{"embeddable":true,"href":"https:\/\/labrobot.com\/es\/wp-json\/wp\/v2\/users\/7"}],"replies":[{"embeddable":true,"href":"https:\/\/labrobot.com\/es\/wp-json\/wp\/v2\/comments?post=10177"}],"version-history":[{"count":0,"href":"https:\/\/labrobot.com\/es\/wp-json\/wp\/v2\/pages\/10177\/revisions"}],"wp:attachment":[{"href":"https:\/\/labrobot.com\/es\/wp-json\/wp\/v2\/media?parent=10177"}],"curies":[{"name":"wp","href":"https:\/\/api.w.org\/{rel}","templated":true}]}}