{"id":10172,"date":"2021-02-05T13:37:06","date_gmt":"2021-02-05T12:37:06","guid":{"rendered":"https:\/\/labrobot.com\/dilugent-shaker\/"},"modified":"2025-12-04T15:00:15","modified_gmt":"2025-12-04T14:00:15","slug":"dilugent-shaker","status":"publish","type":"page","link":"https:\/\/labrobot.com\/es\/dilugent-shaker\/","title":{"rendered":"Dilugent Shaker"},"content":{"rendered":"\n<h1>\n\t\t\tDiluciones en serie guiadas con colores\t<\/h1>\n\t<h2>La alternativa ergon\u00f3mica al mezclador vortex<\/h2>\n\t<h3>F\u00e1cil de usar<br \/>\ne intuitivo<\/h3>\n\t<h3>Ergon\u00f3mico<br \/>\ny c\u00f3modo para pipetear<\/h3>\n\u00a1No m\u00e1s lesiones por el uso<br \/>\nrepetitivo del mezclador vortex!\n\t<h3>Rastrea tus diluciones<\/h3>\n<h3  data-animation-delay=\"0.1\" data-animation-duration=\"1\">\n\t\t\tDilugent\u00ae Shaker\t<\/h3>\n\t<p>42 luces LED, una debajo de cada Dilucup\u00ae, indican exactamente qu\u00e9 vaso debes diluir o emplatar utilizando diferentes colores:<\/p>\n<ul>\n<li><strong>Verde<\/strong>: Dilucup\u00ae a diluir<\/li>\n<li><strong>Naranja:<\/strong> Dilucups ya diluidos en la muestra actual<\/li>\n<li><strong>Rojo:<\/strong> Dilucups diluidos y emplatados de muestras anteriores<\/li>\n<\/ul>\n\t\t<meta itemprop=\"url\" content=\"https:\/\/labrobot.com\/wp-content\/uploads\/2025\/03\/Why-trace-dilutions-with-Dilucup-web.mp4\" \/><div style=\"width: 640px;\" class=\"wp-video\"><video muted class=\"wp-video-shortcode\" id=\"video-10172-1\" width=\"640\" height=\"360\" loop autoplay preload=\"metadata\" controls=\"controls\"><source type=\"video\/mp4\" src=\"https:\/\/labrobot.com\/wp-content\/uploads\/2025\/03\/Why-trace-dilutions-with-Dilucup-web.mp4?_=1\" \/><source type=\"video\/mp4\" src=\"https:\/\/labrobot.com\/wp-content\/uploads\/2025\/03\/Why-trace-dilutions-with-Dilucup-web.mp4?_=1\" \/><a href=\"https:\/\/labrobot.com\/wp-content\/uploads\/2025\/03\/Why-trace-dilutions-with-Dilucup-web.mp4\">https:\/\/labrobot.com\/wp-content\/uploads\/2025\/03\/Why-trace-dilutions-with-Dilucup-web.mp4<\/a><\/video><\/div>\t\n<h4>\n\t\t\tEl \u00fanico instrumento que te permite rastrear diluciones\t<\/h4>\n\t<p><strong>\u00bfPor qu\u00e9 es \u00fatil trazar las diluciones?\u00a0<\/strong><\/p>\n<p>Trazar las diluciones es interesante, por ejemplo, para investigar si hubo un error en la ejecuci\u00f3n que pueda explicar una enumeraci\u00f3n inesperada de microorganismos.<\/p>\n\t<ul>\n<li>Dilugent\u00ae Shaker guarda informaci\u00f3n sobre el lote de Dilucup\u00ae, la identificaci\u00f3n del operador, el nombre de la muestra, el tiempo de agitaci\u00f3n, la velocidad de rotaci\u00f3n, el n\u00famero de diluciones en una muestra y el d\u00eda y la hora de la diluci\u00f3n.<\/li>\n<li>F\u00e1cil exportaci\u00f3n de datos a una memoria USB.<\/li>\n<li>Posible asociaci\u00f3n con LIMS.<\/li>\n<\/ul>\n<h5>\n\t\t\tVersiones de Dilugent\u00ae Shaker\t<\/h5>\n\t<table border=\"0\">\n<tbody>\n<tr>\n<td><em>Caracter\u00edsticas<\/em><\/td>\n<td><strong>Dilugent\u00ae Shaker<br \/>\n<em>Light<\/em><\/strong><\/td>\n<td><strong>Dilugent\u00ae Shaker<\/strong><\/td>\n<td><strong>Dilugent\u00ae Shaker<br \/>\n<em>Pro<\/em><\/strong><\/td>\n<\/tr>\n<tr>\n<td width=\"308\">Posible agitaci\u00f3n con el interruptor de pie<\/td>\n<td width=\"66\"><em>\u25cf<\/em><\/td>\n<td width=\"66\"><em>\u25cf<\/em><\/td>\n<td width=\"76\"><em>\u25cf<\/em><\/td>\n<\/tr>\n<tr>\n<td width=\"308\">Direcci\u00f3n de trabajo seleccionable <em>(desde izquierda o derecha)<\/em><\/td>\n<td width=\"66\"><em>\u25cf<\/em><\/td>\n<td width=\"66\">\u25cf<\/td>\n<td width=\"76\">\u25cf<\/td>\n<\/tr>\n<tr>\n<td width=\"308\">Programas que se pueden almacenar<\/td>\n<td width=\"66\">2<\/td>\n<td width=\"66\">\u00ad10<\/td>\n<td width=\"76\">10\u00ad<\/td>\n<\/tr>\n<tr>\n<td width=\"308\">Informaci\u00f3n visual de \u00abservicio requerido\u00bb, men\u00fa de servicio y c\u00f3digos de error<\/td>\n<td width=\"66\"><em>\u25cf<\/em><\/td>\n<td width=\"66\">\u25cf<\/td>\n<td width=\"76\">\u25cf<\/td>\n<\/tr>\n<tr>\n<td width=\"308\">Posible lectura de c\u00f3digo 2D (barra o QR)<\/td>\n<td width=\"66\"><strong><em>\u00ad<\/em><\/strong><\/td>\n<td width=\"66\">\u25cf<\/td>\n<td width=\"76\">\u25cf<\/td>\n<\/tr>\n<tr>\n<td width=\"308\">Informaci\u00f3n visual del sensor activo<\/td>\n<td width=\"66\"><strong><em>\u00ad<\/em><\/strong><\/td>\n<td width=\"66\">\u25cf<\/td>\n<td width=\"76\">\u25cf<\/td>\n<\/tr>\n<tr>\n<td width=\"308\">Identificaci\u00f3n de muestra, usuario y lote de Dilucup<strong>\u00ae<\/strong><\/td>\n<td width=\"66\"><strong><em>\u00ad<\/em><\/strong><\/td>\n<td width=\"66\">\u25cf<\/td>\n<td width=\"76\">\u25cf<\/td>\n<\/tr>\n<tr>\n<td width=\"308\">Exportaci\u00f3n de informaci\u00f3n a memoria USB<\/td>\n<td width=\"66\"><strong><em>\u00ad<\/em><\/strong><\/td>\n<td width=\"66\">\u25cf<\/td>\n<td width=\"76\">\u25cf<\/td>\n<\/tr>\n<tr>\n<td width=\"308\">Programaci\u00f3n avanzada<\/td>\n<td width=\"66\"><strong><em>\u00ad<\/em><\/strong><\/td>\n<td width=\"66\"><\/td>\n<td width=\"76\">\u25cf<\/td>\n<\/tr>\n<tr>\n<td>Posible trabajo en paralelo<\/td>\n<td>\n\n<strong><em>\u00a0<\/em><\/strong><\/td>\n\n<td>\u25cf<\/td>\n<\/tr>\n<tr>\n<td width=\"308\">Colores de interfaz personalizables<\/td>\n<td width=\"66\"><strong><em>\u00ad<\/em><\/strong><\/td>\n<td width=\"66\"><strong>\u00ad<\/strong><\/td>\n<td width=\"76\">\u25cf<\/td>\n<\/tr>\n<tr>\n<td>Colores l\u00e1mparas LED personalizables<\/td>\n<td><strong><em>\u00a0<\/em><\/strong><\/td>\n<td><strong>\u00a0<\/strong><\/td>\n<td>\u25cf<\/td>\n<\/tr>\n<tr>\n<td width=\"359\">Conectividad completa <em>(interfaz LIMS no incluida)<\/em><\/td>\n<td width=\"66\"><strong><em>\u00ad<\/em><\/strong><\/td>\n<td width=\"66\"><strong>\u00ad<\/strong><\/td>\n<td width=\"76\">\u25cf<\/td>\n<\/tr>\n<tr>\n<td>N\u00famero de art\u00edculo<\/td>\n<td>40DGT84<strong>LT<\/strong><\/td>\n<td>40DGT84<strong>SD<\/strong><\/td>\n<td>40DGT84<strong>PO<\/strong><\/td>\n<\/tr>\n<\/tbody>\n<\/table>\n\t<p><strong>\u00bfQu\u00e9 versi\u00f3n se adapta mejor a vuestras necesidades?<\/strong><\/p>\n<p>&nbsp;<\/p>\n<strong>Versi\u00f3n <em>Light<\/em><\/strong>: Ofrece diluciones guiadas con los 3 colores est\u00e1ndar. Se puede activar la agitaci\u00f3n con el pedal.<br \/>\n<strong>-Beneficios<\/strong>: Econ\u00f3mica.\n<strong>Versi\u00f3n standard<\/strong>: Permite trazar diluciones y exportar los datos.<br \/>\n<strong>-Beneficios<\/strong>: El rastreo es \u00fatil si necesitas revisar c\u00f3mo se realizaron las diluciones. Por ejemplo, al exportar los datos del Dilugent\u00ae Shaker, podr\u00edas descubrir que el orden de las muestras era incorrecto, lo que explicar\u00eda un recuento microbiol\u00f3gico inesperado.\n<strong>Versi\u00f3n <em>Pro<\/em><\/strong>: Permite programar las diluciones como desees, cambiar los colores LED y conectar la unidad a un sistema LIMS en el futuro (la interfaz LIMS debe desarrollarse por separado).<br \/>\n<strong>-Beneficios<\/strong>: Puedes utilizar los Dilucups en el orden que prefieras, comenzando incluso por la parte de atr\u00e1s o el medio del blister. Los diferentes colores LED pueden ser \u00fatiles para usuarios con daltonismo o si la muestra a diluir es muy colorida.\n\t\t\t<img decoding=\"async\" loading=\"false\" src=\"https:\/\/labrobot.com\/wp-content\/uploads\/2025\/01\/serial-dilutions-Dilucup-System-scaled.jpg\" alt=\"Serielle verd\u00fcnnungen \nVerd\u00fcnnungsreihen \ndiluizioni-seriali \ndilui\u00e7\u00f5es em s\u00e9rie \nseriefortynninger \nsarjalaimennokset \nrozcie\u0144czenia seryjne \nra\u00f0\u00feynningum \nseri\u00eble verdunningen \nSerijska razrje\u0111enja \n\u03c3\u03b5\u03b9\u03c1\u03b9\u03b1\u03ba\u03ad\u03c2 \u03b1\u03c1\u03b1\u03b9\u03ce\u03c3\u03b5\u03b9\u03c2 \nserielle-verdunnungen \nSerijska red\u010denja \n\u0441\u0435\u0440\u0438\u0458\u0441\u043a\u0430 \u0440\u0430\u0437\u0431\u043b\u0430\u0436\u0435\u045a\u0430 \ns\u00e9riov\u00e1 \u0159ed\u011bn\u00ed \nS\u00e9riov\u00e9 riedenia \n\u0441\u0435\u0440\u0438\u0439\u043d\u0438 \u0440\u0430\u0437\u0440\u0435\u0436\u0434\u0430\u043d\u0438\u044f \nC\u0435\u0440\u0438\u0458\u0441\u043a\u0438 \u0440\u0430\u0437\u0440\u0435\u0434\u0443\u0432\u0430\u045a\u0430 \" \/>\t\t\t\n\t\t\t<img decoding=\"async\" loading=\"false\" src=\"https:\/\/labrobot.com\/wp-content\/uploads\/2025\/02\/colourblind.png\" alt=\"colourblind dilutions series\" \/>\t\t\t\n\t\t\t<img decoding=\"async\" loading=\"false\" src=\"https:\/\/labrobot.com\/wp-content\/uploads\/2025\/02\/easy-and-erognomic-dilutions-1.png\" alt=\"\" \/>\t\t\t\n\t\t\t<img decoding=\"async\" loading=\"false\" src=\"https:\/\/labrobot.com\/wp-content\/uploads\/2022\/02\/dilugent-lab-scaled.jpg\" alt=\"serial dilution method\" \/>\t\t\t\n\t\t\t<img decoding=\"async\" loading=\"false\" src=\"https:\/\/labrobot.com\/wp-content\/uploads\/2025\/02\/colour-guided-serial-diltuions.jpg\" alt=\"\" \/>\t\t\t\n\t<h2>\u00a1Descarga el manual de usuario aqu\u00ed!<\/h2>\nInicia sesi\u00f3n para acceder al siguiente bot\u00f3n:<br \/>\n\n\t\t\t\t<img decoding=\"async\" src=\"https:\/\/labrobot.com\/wp-content\/uploads\/2025\/12\/portada.png\" alt=\"DSM_2512.6\" itemprop=\"image\" height=\"1712\" width=\"1222\" title=\"portada\" onerror=\"this.style.display='none'\" loading=\"lazy\" \/>\n<h6>\n\t\t\tDilushaker III vs Dilugent\u00ae Shaker\t<\/h6>\n\t<table border=\"1\">\n<tbody>\n<tr>\n<td width=\"245\"><strong>Especificaciones<\/strong><\/td>\n<td><strong>Dilushaker III<\/strong><\/td>\n<td><strong>Dilugent\u00ae Shaker<\/strong><\/td>\n<\/tr>\n<tr>\n<td width=\"245\">Tiempo de agitaci\u00f3n<\/td>\n<td width=\"180\">1 a 30 s<\/td>\n<td width=\"196\">1 a 60 s<\/td>\n<\/tr>\n<tr>\n<td width=\"245\">Velocidad de rotaci\u00f3n<\/td>\n<td width=\"180\">400, 500, 600 rpm<\/td>\n<td width=\"196\">410, 460, 510, 560, 610, 660 rpm<\/td>\n<\/tr>\n<tr>\n<td width=\"245\">N\u00famero de luces LED<\/td>\n<td width=\"180\">3 \u00f3 6<\/td>\n<td width=\"196\">42<\/td>\n<\/tr>\n<tr>\n<td width=\"245\">Agitaci\u00f3n con el pedal<\/td>\n<td width=\"180\">S\u00ed<\/td>\n<td width=\"196\">S\u00ed<\/td>\n<\/tr>\n<tr>\n<td width=\"245\">Sensor \u00f3ptico<\/td>\n<td width=\"180\">Uno; delante<\/td>\n<td width=\"196\">Dos; uno en cada lado<\/td>\n<\/tr>\n<tr>\n<td width=\"245\">Altura total (sin pantalla)<\/td>\n<td width=\"180\">11 cm<\/td>\n<td width=\"196\">8 cm\u00a0<em>(m\u00e1s ergon\u00f3mico)<\/em><\/td>\n<\/tr>\n<tr>\n<td width=\"245\">Extracci\u00f3n de bandeja<\/td>\n<td width=\"180\">Gira la bandeja mientras presionas<\/td>\n<td width=\"196\">Magn\u00e9tico<\/td>\n<\/tr>\n<tr>\n<td width=\"245\">Misma m\u00e1quina para Dilucups 3&#215;7 o 6&#215;7<\/td>\n<td width=\"180\">No<\/td>\n<td width=\"196\">S\u00ed<\/td>\n<\/tr>\n<tr>\n<td width=\"245\">Trazabilidad de diluciones<\/td>\n<td width=\"180\">No<\/td>\n<td width=\"196\">S\u00ed<\/td>\n<\/tr>\n<tr>\n<td width=\"245\">Agitar sin influir las luces LED<\/td>\n<td width=\"180\">No<\/td>\n<td width=\"196\">S\u00ed<\/td>\n<\/tr>\n<tr>\n<td width=\"245\">Serie de diluciones simult\u00e1neas con gu\u00eda \u00f3ptica<\/td>\n<td width=\"180\">No<\/td>\n<td width=\"196\">S\u00ed<\/td>\n<\/tr>\n<\/tbody>\n<\/table>\n\t<p>Ambos instrumentos son una buena alternativa al mezclador v\u00f3rtex y representan una gran mejora en la ergonom\u00eda del laboratorio.<\/p>\n<p>Si tienes m\u00e1s preguntas, es posible que encuentres las respuestas en la secci\u00f3n de Preguntas Frecuentes.<\/p>\n\t\t\t<a href=\"https:\/\/labrobot.com\/es\/faq\/\" target=\"_self\">\n\t\t\t\t\t\tPreguntas frecuentes\n\t\t\t\t\t<\/a>\n\t\t\t\t<img decoding=\"async\" src=\"https:\/\/labrobot.com\/wp-content\/uploads\/2024\/08\/ergonomic-serial-dilutions-dilugent-scaled.jpg\" alt=\"ergonomic serial dilutions dilugent\" itemprop=\"image\" height=\"1440\" width=\"2560\" title=\"ergonomic serial dilutions dilugent\" onerror=\"this.style.display='none'\" loading=\"lazy\" \/>\n<h6>\n\t\t\tCambia tu Dilushaker III por un Dilugent\u00ae Shaker!\t<\/h6>\n\t LabRobot y su red de distribuci\u00f3n ofrecen condiciones especiales para el cambio de un Dilushaker III <em>digital<\/em> reciente por un Dilugent\u00ae Shaker.<br \/>\nNo dude en ponerse en contacto con su distribuidor local para obtener m\u00e1s informaci\u00f3n.<br \/>\n\n\t\t\t<a href=\"https:\/\/labrobot.com\/es\/contacto-distribuidores\/\" target=\"_self\">\n\t\t\t\t\t\tContacta tu distribuidor!\n\t\t\t\t\t<\/a>\n\t<p>Productos relacionados<\/p>\n\t\t\t\t<a href=\"https:\/\/labrobot.com\/es\/dilucup-elegance\/\"  target=\"_self\" itemprop=\"url\">\n\t\t\t\t<img decoding=\"async\" src=\"https:\/\/labrobot.com\/wp-content\/uploads\/bb-plugin\/cache\/dilucup-elegance-1024x682-circle-eb1b60806b01591cd1a0e966aa53c3a3-.jpg\" alt=\"dilucup elegance\" itemprop=\"image\" height=\"682\" width=\"1024\" title=\"dilucup elegance\" onerror=\"this.style.display='none'\" loading=\"lazy\" \/>\n\t\t\t\t<\/a>\n<h6><a href=\"https:\/\/labrobot.com\/es\/dilucup-elegance\/\" target=\"_self\">Dilucup\u00ae Elegance<\/a><\/h6>\t\n\t\t\t\t<a href=\"https:\/\/labrobot.com\/es\/dilushaker-iii\/\"  target=\"_self\" itemprop=\"url\">\n\t\t\t\t<img decoding=\"async\" src=\"https:\/\/labrobot.com\/wp-content\/uploads\/bb-plugin\/cache\/dilushaker-III-1024x699-circle-95e8311d438fe92fca44e54ebacd23bc-.jpg\" alt=\"dilushaker 6or\" itemprop=\"image\" height=\"699\" width=\"1024\" title=\"dilushaker\" onerror=\"this.style.display='none'\" loading=\"lazy\" \/>\n\t\t\t\t<\/a>\n<h3><a href=\"https:\/\/labrobot.com\/es\/dilushaker-iii\/\" target=\"_self\">Dilushaker III<\/a><\/h3>\t\n\n","protected":false},"excerpt":{"rendered":"<p>Diluciones en serie guiadas con colores La alternativa ergon\u00f3mica al mezclador vortex F\u00e1cil de usar e intuitivo Ergon\u00f3mico y c\u00f3modo para pipetear \u00a1No m\u00e1s lesiones por el uso repetitivo del mezclador vortex! Rastrea tus diluciones Dilugent\u00ae Shaker 42 luces LED, una debajo de cada Dilucup\u00ae, indican exactamente qu\u00e9 vaso debes diluir o emplatar utilizando diferentes &#8230; <a title=\"Dilugent Shaker\" class=\"read-more\" href=\"https:\/\/labrobot.com\/es\/dilugent-shaker\/\" aria-label=\"Leer m\u00e1s sobre Dilugent Shaker\">Read more<\/a><\/p>\n","protected":false},"author":243,"featured_media":0,"parent":0,"menu_order":0,"comment_status":"closed","ping_status":"closed","template":"","meta":{"_acf_changed":false,"generate_page_header":"","footnotes":""},"class_list":["post-10172","page","type-page","status-publish"],"acf":[],"yoast_head":"<!-- This site is optimized with the Yoast SEO Premium plugin v27.3 (Yoast SEO v27.3) - https:\/\/yoast.com\/product\/yoast-seo-premium-wordpress\/ -->\n<title>Alternativa ergon\u00f3mica al mezclador vortex: Dilugent Shaker<\/title>\n<meta name=\"description\" content=\"Mejora tus diluciones en serie con esta alternativa ergon\u00f3mica al mezclador v\u00f3rtex. Diluciones guiadas y f\u00e1ciles de usar, exportaci\u00f3n de datos para su an\u00e1lisis...\" \/>\n<meta name=\"robots\" content=\"index, follow, max-snippet:-1, max-image-preview:large, max-video-preview:-1\" \/>\n<link rel=\"canonical\" href=\"https:\/\/labrobot.com\/es\/dilugent-shaker\/\" \/>\n<meta property=\"og:locale\" content=\"es_ES\" \/>\n<meta property=\"og:type\" content=\"article\" \/>\n<meta property=\"og:title\" content=\"Dilugent Shaker\" \/>\n<meta property=\"og:description\" content=\"Mejora tus diluciones en serie con esta alternativa ergon\u00f3mica al mezclador v\u00f3rtex. Diluciones guiadas y f\u00e1ciles de usar, exportaci\u00f3n de datos para su an\u00e1lisis...\" \/>\n<meta property=\"og:url\" content=\"https:\/\/labrobot.com\/es\/dilugent-shaker\/\" \/>\n<meta property=\"og:site_name\" content=\"LabRobot\" \/>\n<meta property=\"article:publisher\" content=\"https:\/\/www.facebook.com\/labrobotproductsab\" \/>\n<meta property=\"article:modified_time\" content=\"2025-12-04T14:00:15+00:00\" \/>\n<meta property=\"og:image\" content=\"https:\/\/labrobot.com\/wp-content\/uploads\/2025\/01\/serial-dilutions-Dilucup-System-scaled.jpg\" \/>\n<meta name=\"twitter:card\" content=\"summary_large_image\" \/>\n<meta name=\"twitter:label1\" content=\"Tiempo de lectura\" \/>\n\t<meta name=\"twitter:data1\" content=\"3 minutos\" \/>\n<script type=\"application\/ld+json\" class=\"yoast-schema-graph\">{\"@context\":\"https:\\\/\\\/schema.org\",\"@graph\":[{\"@type\":\"WebPage\",\"@id\":\"https:\\\/\\\/labrobot.com\\\/es\\\/dilugent-shaker\\\/\",\"url\":\"https:\\\/\\\/labrobot.com\\\/es\\\/dilugent-shaker\\\/\",\"name\":\"Alternativa ergon\u00f3mica al mezclador vortex: Dilugent Shaker\",\"isPartOf\":{\"@id\":\"https:\\\/\\\/labrobot.com\\\/#website\"},\"primaryImageOfPage\":{\"@id\":\"https:\\\/\\\/labrobot.com\\\/es\\\/dilugent-shaker\\\/#primaryimage\"},\"image\":{\"@id\":\"https:\\\/\\\/labrobot.com\\\/es\\\/dilugent-shaker\\\/#primaryimage\"},\"thumbnailUrl\":\"https:\\\/\\\/labrobot.com\\\/wp-content\\\/uploads\\\/2025\\\/01\\\/serial-dilutions-Dilucup-System-scaled.jpg\",\"datePublished\":\"2021-02-05T12:37:06+00:00\",\"dateModified\":\"2025-12-04T14:00:15+00:00\",\"description\":\"Mejora tus diluciones en serie con esta alternativa ergon\u00f3mica al mezclador v\u00f3rtex. Diluciones guiadas y f\u00e1ciles de usar, exportaci\u00f3n de datos para su an\u00e1lisis...\",\"breadcrumb\":{\"@id\":\"https:\\\/\\\/labrobot.com\\\/es\\\/dilugent-shaker\\\/#breadcrumb\"},\"inLanguage\":\"es\",\"potentialAction\":[{\"@type\":\"ReadAction\",\"target\":[\"https:\\\/\\\/labrobot.com\\\/es\\\/dilugent-shaker\\\/\"]}]},{\"@type\":\"ImageObject\",\"inLanguage\":\"es\",\"@id\":\"https:\\\/\\\/labrobot.com\\\/es\\\/dilugent-shaker\\\/#primaryimage\",\"url\":\"https:\\\/\\\/labrobot.com\\\/wp-content\\\/uploads\\\/2025\\\/01\\\/serial-dilutions-Dilucup-System-scaled.jpg\",\"contentUrl\":\"https:\\\/\\\/labrobot.com\\\/wp-content\\\/uploads\\\/2025\\\/01\\\/serial-dilutions-Dilucup-System-scaled.jpg\"},{\"@type\":\"BreadcrumbList\",\"@id\":\"https:\\\/\\\/labrobot.com\\\/es\\\/dilugent-shaker\\\/#breadcrumb\",\"itemListElement\":[{\"@type\":\"ListItem\",\"position\":1,\"name\":\"Home\",\"item\":\"https:\\\/\\\/labrobot.com\\\/es\\\/\"},{\"@type\":\"ListItem\",\"position\":2,\"name\":\"Dilugent Shaker\"}]},{\"@type\":\"WebSite\",\"@id\":\"https:\\\/\\\/labrobot.com\\\/#website\",\"url\":\"https:\\\/\\\/labrobot.com\\\/\",\"name\":\"LabRobot\",\"description\":\"Easy quick ergonomic serial dilution method\",\"publisher\":{\"@id\":\"https:\\\/\\\/labrobot.com\\\/#organization\"},\"potentialAction\":[{\"@type\":\"SearchAction\",\"target\":{\"@type\":\"EntryPoint\",\"urlTemplate\":\"https:\\\/\\\/labrobot.com\\\/?s={search_term_string}\"},\"query-input\":{\"@type\":\"PropertyValueSpecification\",\"valueRequired\":true,\"valueName\":\"search_term_string\"}}],\"inLanguage\":\"es\"},{\"@type\":\"Organization\",\"@id\":\"https:\\\/\\\/labrobot.com\\\/#organization\",\"name\":\"LabRobot Products AB\",\"url\":\"https:\\\/\\\/labrobot.com\\\/\",\"logo\":{\"@type\":\"ImageObject\",\"inLanguage\":\"es\",\"@id\":\"https:\\\/\\\/labrobot.com\\\/#\\\/schema\\\/logo\\\/image\\\/\",\"url\":\"https:\\\/\\\/labrobot.com\\\/wp-content\\\/uploads\\\/2018\\\/12\\\/LabRobot_LOGO_signatur.jpg\",\"contentUrl\":\"https:\\\/\\\/labrobot.com\\\/wp-content\\\/uploads\\\/2018\\\/12\\\/LabRobot_LOGO_signatur.jpg\",\"width\":200,\"height\":54,\"caption\":\"LabRobot Products AB\"},\"image\":{\"@id\":\"https:\\\/\\\/labrobot.com\\\/#\\\/schema\\\/logo\\\/image\\\/\"},\"sameAs\":[\"https:\\\/\\\/www.facebook.com\\\/labrobotproductsab\",\"https:\\\/\\\/www.linkedin.com\\\/company\\\/labrobot-products-ab\\\/\",\"https:\\\/\\\/www.youtube.com\\\/channel\\\/UCHGyF_OHfxI1No9ahbU-agQ\"]}]}<\/script>\n<!-- \/ Yoast SEO Premium plugin. -->","yoast_head_json":{"title":"Alternativa ergon\u00f3mica al mezclador vortex: Dilugent Shaker","description":"Mejora tus diluciones en serie con esta alternativa ergon\u00f3mica al mezclador v\u00f3rtex. Diluciones guiadas y f\u00e1ciles de usar, exportaci\u00f3n de datos para su an\u00e1lisis...","robots":{"index":"index","follow":"follow","max-snippet":"max-snippet:-1","max-image-preview":"max-image-preview:large","max-video-preview":"max-video-preview:-1"},"canonical":"https:\/\/labrobot.com\/es\/dilugent-shaker\/","og_locale":"es_ES","og_type":"article","og_title":"Dilugent Shaker","og_description":"Mejora tus diluciones en serie con esta alternativa ergon\u00f3mica al mezclador v\u00f3rtex. Diluciones guiadas y f\u00e1ciles de usar, exportaci\u00f3n de datos para su an\u00e1lisis...","og_url":"https:\/\/labrobot.com\/es\/dilugent-shaker\/","og_site_name":"LabRobot","article_publisher":"https:\/\/www.facebook.com\/labrobotproductsab","article_modified_time":"2025-12-04T14:00:15+00:00","og_image":[{"url":"https:\/\/labrobot.com\/wp-content\/uploads\/2025\/01\/serial-dilutions-Dilucup-System-scaled.jpg","type":"","width":"","height":""}],"twitter_card":"summary_large_image","twitter_misc":{"Tiempo de lectura":"3 minutos"},"schema":{"@context":"https:\/\/schema.org","@graph":[{"@type":"WebPage","@id":"https:\/\/labrobot.com\/es\/dilugent-shaker\/","url":"https:\/\/labrobot.com\/es\/dilugent-shaker\/","name":"Alternativa ergon\u00f3mica al mezclador vortex: Dilugent Shaker","isPartOf":{"@id":"https:\/\/labrobot.com\/#website"},"primaryImageOfPage":{"@id":"https:\/\/labrobot.com\/es\/dilugent-shaker\/#primaryimage"},"image":{"@id":"https:\/\/labrobot.com\/es\/dilugent-shaker\/#primaryimage"},"thumbnailUrl":"https:\/\/labrobot.com\/wp-content\/uploads\/2025\/01\/serial-dilutions-Dilucup-System-scaled.jpg","datePublished":"2021-02-05T12:37:06+00:00","dateModified":"2025-12-04T14:00:15+00:00","description":"Mejora tus diluciones en serie con esta alternativa ergon\u00f3mica al mezclador v\u00f3rtex. Diluciones guiadas y f\u00e1ciles de usar, exportaci\u00f3n de datos para su an\u00e1lisis...","breadcrumb":{"@id":"https:\/\/labrobot.com\/es\/dilugent-shaker\/#breadcrumb"},"inLanguage":"es","potentialAction":[{"@type":"ReadAction","target":["https:\/\/labrobot.com\/es\/dilugent-shaker\/"]}]},{"@type":"ImageObject","inLanguage":"es","@id":"https:\/\/labrobot.com\/es\/dilugent-shaker\/#primaryimage","url":"https:\/\/labrobot.com\/wp-content\/uploads\/2025\/01\/serial-dilutions-Dilucup-System-scaled.jpg","contentUrl":"https:\/\/labrobot.com\/wp-content\/uploads\/2025\/01\/serial-dilutions-Dilucup-System-scaled.jpg"},{"@type":"BreadcrumbList","@id":"https:\/\/labrobot.com\/es\/dilugent-shaker\/#breadcrumb","itemListElement":[{"@type":"ListItem","position":1,"name":"Home","item":"https:\/\/labrobot.com\/es\/"},{"@type":"ListItem","position":2,"name":"Dilugent Shaker"}]},{"@type":"WebSite","@id":"https:\/\/labrobot.com\/#website","url":"https:\/\/labrobot.com\/","name":"LabRobot","description":"Easy quick ergonomic serial dilution method","publisher":{"@id":"https:\/\/labrobot.com\/#organization"},"potentialAction":[{"@type":"SearchAction","target":{"@type":"EntryPoint","urlTemplate":"https:\/\/labrobot.com\/?s={search_term_string}"},"query-input":{"@type":"PropertyValueSpecification","valueRequired":true,"valueName":"search_term_string"}}],"inLanguage":"es"},{"@type":"Organization","@id":"https:\/\/labrobot.com\/#organization","name":"LabRobot Products AB","url":"https:\/\/labrobot.com\/","logo":{"@type":"ImageObject","inLanguage":"es","@id":"https:\/\/labrobot.com\/#\/schema\/logo\/image\/","url":"https:\/\/labrobot.com\/wp-content\/uploads\/2018\/12\/LabRobot_LOGO_signatur.jpg","contentUrl":"https:\/\/labrobot.com\/wp-content\/uploads\/2018\/12\/LabRobot_LOGO_signatur.jpg","width":200,"height":54,"caption":"LabRobot Products AB"},"image":{"@id":"https:\/\/labrobot.com\/#\/schema\/logo\/image\/"},"sameAs":["https:\/\/www.facebook.com\/labrobotproductsab","https:\/\/www.linkedin.com\/company\/labrobot-products-ab\/","https:\/\/www.youtube.com\/channel\/UCHGyF_OHfxI1No9ahbU-agQ"]}]}},"_links":{"self":[{"href":"https:\/\/labrobot.com\/es\/wp-json\/wp\/v2\/pages\/10172","targetHints":{"allow":["GET"]}}],"collection":[{"href":"https:\/\/labrobot.com\/es\/wp-json\/wp\/v2\/pages"}],"about":[{"href":"https:\/\/labrobot.com\/es\/wp-json\/wp\/v2\/types\/page"}],"author":[{"embeddable":true,"href":"https:\/\/labrobot.com\/es\/wp-json\/wp\/v2\/users\/243"}],"replies":[{"embeddable":true,"href":"https:\/\/labrobot.com\/es\/wp-json\/wp\/v2\/comments?post=10172"}],"version-history":[{"count":1,"href":"https:\/\/labrobot.com\/es\/wp-json\/wp\/v2\/pages\/10172\/revisions"}],"predecessor-version":[{"id":21058,"href":"https:\/\/labrobot.com\/es\/wp-json\/wp\/v2\/pages\/10172\/revisions\/21058"}],"wp:attachment":[{"href":"https:\/\/labrobot.com\/es\/wp-json\/wp\/v2\/media?parent=10172"}],"curies":[{"name":"wp","href":"https:\/\/api.w.org\/{rel}","templated":true}]}}