{"id":10171,"date":"2021-02-05T12:11:55","date_gmt":"2021-02-05T11:11:55","guid":{"rendered":"https:\/\/labrobot.com\/dilushaker-iii\/"},"modified":"2026-02-12T10:14:34","modified_gmt":"2026-02-12T09:14:34","slug":"dilushaker-iii","status":"publish","type":"page","link":"https:\/\/labrobot.com\/es\/dilushaker-iii\/","title":{"rendered":"Dilushaker III"},"content":{"rendered":"\n<h1>\n\t\tUn agitador de laboratorio robusto con una larga vida \u00fatil\n\t<\/h1>\n<h2>\n\t\tDilushaker III\n\t<\/h2>\n\t<p>El Dilushaker III digital es nuestro agitador de laboratorio m\u00e1s antiguo, es muy robusto y f\u00e1cil de usar. De hecho, muchos de nuestros clientes est\u00e1n muy satisfechos con este instrumento, que en algunos laboratorios sigue funcionando perfectamente despu\u00e9s de 20 a\u00f1os.<\/p>\n<strong>\u00bfC\u00f3mo usarlo?<\/strong><br \/>\nSimplemente preajusta la velocidad de rotaci\u00f3n, el tiempo de agitaci\u00f3n, la direcci\u00f3n del flujo de trabajo y el n\u00famero de diluciones para comenzar a diluir con Dilucup\u00ae Elegance. Las luces LED ubicadas en una rampa en la parte trasera de la bandeja ayudan al manipulador durante el proceso de diluci\u00f3n al mostrar qu\u00e9 copa (fila) debe procesarse. La agitaci\u00f3n se inicia inmediatamente mediante la activaci\u00f3n de un sensor \u00f3ptico ubicado en la parte frontal del agitador o mediante un pedal.\n<p>&nbsp;<\/p>\n\t<meta itemprop=\"url\" content=\"https:\/\/labrobot.com\/wp-content\/uploads\/2025\/04\/Dilusahker-laboratory-shaker.mp4\" \/><div style=\"width: 640px;\" class=\"wp-video\"><video muted class=\"wp-video-shortcode\" id=\"video-10171-1\" width=\"640\" height=\"360\" loop autoplay preload=\"metadata\" controls=\"controls\"><source type=\"video\/mp4\" src=\"https:\/\/labrobot.com\/wp-content\/uploads\/2025\/04\/Dilusahker-laboratory-shaker.mp4?_=1\" \/><source type=\"video\/mp4\" src=\"https:\/\/labrobot.com\/wp-content\/uploads\/2025\/04\/Dilusahker-laboratory-shaker.mp4?_=1\" \/><a href=\"https:\/\/labrobot.com\/wp-content\/uploads\/2025\/04\/Dilusahker-laboratory-shaker.mp4\">https:\/\/labrobot.com\/wp-content\/uploads\/2025\/04\/Dilusahker-laboratory-shaker.mp4<\/a><\/video><\/div>\n<h3>\n\t\tUn agitador de laboratorio asequible incluso para presupuestos m\u00e1s peque\u00f1os\n\t<\/h3>\n\t<ul>\n<li>Tiempo de agitaci\u00f3n: 1 &#8211; 30 s por diluci\u00f3n<\/li>\n<li>Velocidad de rotaci\u00f3n: 400, 500 o 600 rpm<\/li>\n<li>Bandeja extra\u00edble para facilitar la limpieza<\/li>\n<li>Rampa con 3 o 6 luces LED para guiar al usuario<\/li>\n<li>Direcci\u00f3n ajustable de la rampa para adaptarse tanto a diestros como a zurdos<\/li>\n<li>N\u00famero ajustable de pasos de diluci\u00f3n por muestra<\/li>\n<li>Posible control mediante pedal<\/li>\n<li>Un sensor \u00f3ptico ubicado en la parte frontal<\/li>\n<\/ul>\n\t<h3><strong>2 \u00a0agitadores de laboratorio diferentes<\/strong><\/h3>\n<p>El Dilushaker III <em>digital<\/em> est\u00e1 disponible en dos formatos: para bl\u00edsters de 21 o 42 Dilucups.<\/p>\n\t\t\t\t<img loading=\"lazy\" decoding=\"async\" src=\"https:\/\/labrobot.com\/wp-content\/uploads\/2021\/06\/dilushaker-3or-1024x621.jpg\" alt=\"dilushaker 3or laboratory shaker\" itemprop=\"image\" height=\"621\" width=\"1024\" title=\"dilushaker 3or\" onerror=\"this.style.display='none'\"  \/>\n<h3>Para pocas diluciones<\/h3><ul>\n<li> Rampa con 3 luces LED<\/li>\n<li>Bandeja extra\u00edble para 21 pocillos<\/li>\n<li>Para bl\u00edsteres de Dilucup 7 x 3<\/li>\n<li>N\u00famero de art\u00edculo: 40DS21PRXT<br \/>\n<\/li>\n<\/ul>\n\t\t\t\t<img loading=\"lazy\" decoding=\"async\" src=\"https:\/\/labrobot.com\/wp-content\/uploads\/bb-plugin\/cache\/Dilushaker-6-Rows-40DS42PRXT-landscape-fbf5c1446867c0d82e367b9a63682f21-.jpg\" alt=\"Dilushaker-6-Rows-40DS42PRXT\" itemprop=\"image\" height=\"500\" width=\"500\" title=\"Dilushaker-6-Rows-40DS42PRXT\" onerror=\"this.style.display='none'\"  \/>\n<h3>Para m\u00e1s de 3 diluciones<\/h3><ul>\n<li>Rampa con 6 luces LED<\/li>\n<li>Bandeja extra\u00edble para 42 pocillos<\/li>\n<li>Para bl\u00edsteres de Dilucup 7&#215;6<\/li>\n<li>N\u00famero de art\u00edculo: 40DS42PRXT<br \/>\n<\/li>\n<\/ul>\n\t<h6><strong>Descarga el manual de usuario aqu\u00ed!<\/strong><\/h6>\n<p>Debes estar conectado para acceder al bot\u00f3n.<\/p>\n\t\t\t\t<img loading=\"lazy\" decoding=\"async\" src=\"https:\/\/labrobot.com\/wp-content\/uploads\/2022\/01\/manual-dilushaker-foto-300x295.png\" alt=\"manual dilushaker foto\" itemprop=\"image\" height=\"295\" width=\"300\" title=\"manual dilushaker foto\" onerror=\"this.style.display='none'\"  \/>\n\t<h6><strong>Productos relacionados.<\/strong><\/h6>\n\t\t\t\t<a href=\"https:\/\/labrobot.com\/es\/dilucup-elegance\/\"  target=\"_self\" itemprop=\"url\">\n\t\t\t\t<img loading=\"lazy\" decoding=\"async\" src=\"https:\/\/labrobot.com\/wp-content\/uploads\/bb-plugin\/cache\/dilucup-MRD-blister-scaled-circle-de9e4f3a639e4ea670da4b3a638e747e-.jpg\" alt=\"dilucup MRD blister\" itemprop=\"image\" height=\"1707\" width=\"2560\" title=\"dilucup MRD blister\" onerror=\"this.style.display='none'\"  \/>\n\t\t\t\t<\/a>\n<h5><a href=\"https:\/\/labrobot.com\/es\/dilucup-elegance\/\" target=\"_self\">Dilucup\u00ae Elegance<\/a><\/h5>\t\n\t\t\t\t<a href=\"https:\/\/labrobot.com\/es\/dilugent-shaker\/\"  target=\"_self\" itemprop=\"url\">\n\t\t\t\t<img loading=\"lazy\" decoding=\"async\" src=\"https:\/\/labrobot.com\/wp-content\/uploads\/bb-plugin\/cache\/dilutions-with-dilugent-circle-2bd7db2b02192f90a2cb848eceb6526e-.jpg\" alt=\"dilugent shaker\" itemprop=\"image\" height=\"2416\" width=\"2444\" title=\"dilutions with dilugent\" onerror=\"this.style.display='none'\"  \/>\n\t\t\t\t<\/a>\n<h5><a href=\"https:\/\/labrobot.com\/es\/dilugent-shaker\/\" target=\"_self\">Dilugent\u00ae Shaker<\/a><\/h5>\t\n\n","protected":false},"excerpt":{"rendered":"<p>Un agitador de laboratorio robusto con una larga vida \u00fatil Dilushaker III El Dilushaker III digital es nuestro agitador de laboratorio m\u00e1s antiguo, es muy robusto y f\u00e1cil de usar. De hecho, muchos de nuestros clientes est\u00e1n muy satisfechos con este instrumento, que en algunos laboratorios sigue funcionando perfectamente despu\u00e9s de 20 a\u00f1os. \u00bfC\u00f3mo usarlo? &#8230; <a title=\"Dilushaker III\" class=\"read-more\" href=\"https:\/\/labrobot.com\/es\/dilushaker-iii\/\" aria-label=\"Leer m\u00e1s sobre Dilushaker III\">Read more<\/a><\/p>\n","protected":false},"author":243,"featured_media":0,"parent":0,"menu_order":0,"comment_status":"closed","ping_status":"closed","template":"","meta":{"_acf_changed":false,"generate_page_header":"","footnotes":""},"class_list":["post-10171","page","type-page","status-publish"],"acf":[],"yoast_head":"<!-- This site is optimized with the Yoast SEO Premium plugin v27.3 (Yoast SEO v27.3) - https:\/\/yoast.com\/product\/yoast-seo-premium-wordpress\/ -->\n<title>Agitador de laboratorio para diluciones en serie: Dilushaker III<\/title>\n<meta name=\"description\" content=\"Dilushaker III reemplaza al agitador vortex. Muchos de nuestros clientes est\u00e1n muy satisfechos con este agitador, que en algunos laboratorios sigue funcionando perfectamente despu\u00e9s de 20 a\u00f1os.\" \/>\n<meta name=\"robots\" content=\"index, follow, max-snippet:-1, max-image-preview:large, max-video-preview:-1\" \/>\n<link rel=\"canonical\" href=\"https:\/\/labrobot.com\/dilushaker-iii\/\" \/>\n<meta property=\"og:locale\" content=\"es_ES\" \/>\n<meta property=\"og:type\" content=\"article\" \/>\n<meta property=\"og:title\" content=\"Dilushaker III\" \/>\n<meta property=\"og:description\" content=\"Dilushaker III reemplaza al agitador vortex. Muchos de nuestros clientes est\u00e1n muy satisfechos con este agitador, que en algunos laboratorios sigue funcionando perfectamente despu\u00e9s de 20 a\u00f1os.\" \/>\n<meta property=\"og:url\" content=\"https:\/\/labrobot.com\/dilushaker-iii\/\" \/>\n<meta property=\"og:site_name\" content=\"LabRobot\" \/>\n<meta property=\"article:publisher\" content=\"https:\/\/www.facebook.com\/labrobotproductsab\" \/>\n<meta property=\"article:modified_time\" content=\"2026-02-12T09:14:34+00:00\" \/>\n<meta property=\"og:image\" content=\"https:\/\/labrobot.com\/wp-content\/uploads\/2021\/06\/dilushaker-3or-1024x621.jpg\" \/>\n<meta name=\"twitter:card\" content=\"summary_large_image\" \/>\n<meta name=\"twitter:label1\" content=\"Tiempo de lectura\" \/>\n\t<meta name=\"twitter:data1\" content=\"2 minutos\" \/>\n<script type=\"application\/ld+json\" class=\"yoast-schema-graph\">{\"@context\":\"https:\\\/\\\/schema.org\",\"@graph\":[{\"@type\":\"WebPage\",\"@id\":\"https:\\\/\\\/labrobot.com\\\/dilushaker-iii\\\/\",\"url\":\"https:\\\/\\\/labrobot.com\\\/dilushaker-iii\\\/\",\"name\":\"Agitador de laboratorio para diluciones en serie: Dilushaker III\",\"isPartOf\":{\"@id\":\"https:\\\/\\\/labrobot.com\\\/#website\"},\"primaryImageOfPage\":{\"@id\":\"https:\\\/\\\/labrobot.com\\\/dilushaker-iii\\\/#primaryimage\"},\"image\":{\"@id\":\"https:\\\/\\\/labrobot.com\\\/dilushaker-iii\\\/#primaryimage\"},\"thumbnailUrl\":\"https:\\\/\\\/labrobot.com\\\/wp-content\\\/uploads\\\/2021\\\/06\\\/dilushaker-3or-1024x621.jpg\",\"datePublished\":\"2021-02-05T11:11:55+00:00\",\"dateModified\":\"2026-02-12T09:14:34+00:00\",\"description\":\"Dilushaker III reemplaza al agitador vortex. Muchos de nuestros clientes est\u00e1n muy satisfechos con este agitador, que en algunos laboratorios sigue funcionando perfectamente despu\u00e9s de 20 a\u00f1os.\",\"breadcrumb\":{\"@id\":\"https:\\\/\\\/labrobot.com\\\/dilushaker-iii\\\/#breadcrumb\"},\"inLanguage\":\"es\",\"potentialAction\":[{\"@type\":\"ReadAction\",\"target\":[\"https:\\\/\\\/labrobot.com\\\/dilushaker-iii\\\/\"]}]},{\"@type\":\"ImageObject\",\"inLanguage\":\"es\",\"@id\":\"https:\\\/\\\/labrobot.com\\\/dilushaker-iii\\\/#primaryimage\",\"url\":\"https:\\\/\\\/labrobot.com\\\/wp-content\\\/uploads\\\/2021\\\/06\\\/dilushaker-3or-1024x621.jpg\",\"contentUrl\":\"https:\\\/\\\/labrobot.com\\\/wp-content\\\/uploads\\\/2021\\\/06\\\/dilushaker-3or-1024x621.jpg\"},{\"@type\":\"BreadcrumbList\",\"@id\":\"https:\\\/\\\/labrobot.com\\\/dilushaker-iii\\\/#breadcrumb\",\"itemListElement\":[{\"@type\":\"ListItem\",\"position\":1,\"name\":\"Home\",\"item\":\"https:\\\/\\\/labrobot.com\\\/es\\\/\"},{\"@type\":\"ListItem\",\"position\":2,\"name\":\"Dilushaker III\"}]},{\"@type\":\"WebSite\",\"@id\":\"https:\\\/\\\/labrobot.com\\\/#website\",\"url\":\"https:\\\/\\\/labrobot.com\\\/\",\"name\":\"LabRobot\",\"description\":\"Easy quick ergonomic serial dilution method\",\"publisher\":{\"@id\":\"https:\\\/\\\/labrobot.com\\\/#organization\"},\"potentialAction\":[{\"@type\":\"SearchAction\",\"target\":{\"@type\":\"EntryPoint\",\"urlTemplate\":\"https:\\\/\\\/labrobot.com\\\/?s={search_term_string}\"},\"query-input\":{\"@type\":\"PropertyValueSpecification\",\"valueRequired\":true,\"valueName\":\"search_term_string\"}}],\"inLanguage\":\"es\"},{\"@type\":\"Organization\",\"@id\":\"https:\\\/\\\/labrobot.com\\\/#organization\",\"name\":\"LabRobot Products AB\",\"url\":\"https:\\\/\\\/labrobot.com\\\/\",\"logo\":{\"@type\":\"ImageObject\",\"inLanguage\":\"es\",\"@id\":\"https:\\\/\\\/labrobot.com\\\/#\\\/schema\\\/logo\\\/image\\\/\",\"url\":\"https:\\\/\\\/labrobot.com\\\/wp-content\\\/uploads\\\/2018\\\/12\\\/LabRobot_LOGO_signatur.jpg\",\"contentUrl\":\"https:\\\/\\\/labrobot.com\\\/wp-content\\\/uploads\\\/2018\\\/12\\\/LabRobot_LOGO_signatur.jpg\",\"width\":200,\"height\":54,\"caption\":\"LabRobot Products AB\"},\"image\":{\"@id\":\"https:\\\/\\\/labrobot.com\\\/#\\\/schema\\\/logo\\\/image\\\/\"},\"sameAs\":[\"https:\\\/\\\/www.facebook.com\\\/labrobotproductsab\",\"https:\\\/\\\/www.linkedin.com\\\/company\\\/labrobot-products-ab\\\/\",\"https:\\\/\\\/www.youtube.com\\\/channel\\\/UCHGyF_OHfxI1No9ahbU-agQ\"]}]}<\/script>\n<!-- \/ Yoast SEO Premium plugin. -->","yoast_head_json":{"title":"Agitador de laboratorio para diluciones en serie: Dilushaker III","description":"Dilushaker III reemplaza al agitador vortex. Muchos de nuestros clientes est\u00e1n muy satisfechos con este agitador, que en algunos laboratorios sigue funcionando perfectamente despu\u00e9s de 20 a\u00f1os.","robots":{"index":"index","follow":"follow","max-snippet":"max-snippet:-1","max-image-preview":"max-image-preview:large","max-video-preview":"max-video-preview:-1"},"canonical":"https:\/\/labrobot.com\/dilushaker-iii\/","og_locale":"es_ES","og_type":"article","og_title":"Dilushaker III","og_description":"Dilushaker III reemplaza al agitador vortex. Muchos de nuestros clientes est\u00e1n muy satisfechos con este agitador, que en algunos laboratorios sigue funcionando perfectamente despu\u00e9s de 20 a\u00f1os.","og_url":"https:\/\/labrobot.com\/dilushaker-iii\/","og_site_name":"LabRobot","article_publisher":"https:\/\/www.facebook.com\/labrobotproductsab","article_modified_time":"2026-02-12T09:14:34+00:00","og_image":[{"url":"https:\/\/labrobot.com\/wp-content\/uploads\/2021\/06\/dilushaker-3or-1024x621.jpg","type":"","width":"","height":""}],"twitter_card":"summary_large_image","twitter_misc":{"Tiempo de lectura":"2 minutos"},"schema":{"@context":"https:\/\/schema.org","@graph":[{"@type":"WebPage","@id":"https:\/\/labrobot.com\/dilushaker-iii\/","url":"https:\/\/labrobot.com\/dilushaker-iii\/","name":"Agitador de laboratorio para diluciones en serie: Dilushaker III","isPartOf":{"@id":"https:\/\/labrobot.com\/#website"},"primaryImageOfPage":{"@id":"https:\/\/labrobot.com\/dilushaker-iii\/#primaryimage"},"image":{"@id":"https:\/\/labrobot.com\/dilushaker-iii\/#primaryimage"},"thumbnailUrl":"https:\/\/labrobot.com\/wp-content\/uploads\/2021\/06\/dilushaker-3or-1024x621.jpg","datePublished":"2021-02-05T11:11:55+00:00","dateModified":"2026-02-12T09:14:34+00:00","description":"Dilushaker III reemplaza al agitador vortex. Muchos de nuestros clientes est\u00e1n muy satisfechos con este agitador, que en algunos laboratorios sigue funcionando perfectamente despu\u00e9s de 20 a\u00f1os.","breadcrumb":{"@id":"https:\/\/labrobot.com\/dilushaker-iii\/#breadcrumb"},"inLanguage":"es","potentialAction":[{"@type":"ReadAction","target":["https:\/\/labrobot.com\/dilushaker-iii\/"]}]},{"@type":"ImageObject","inLanguage":"es","@id":"https:\/\/labrobot.com\/dilushaker-iii\/#primaryimage","url":"https:\/\/labrobot.com\/wp-content\/uploads\/2021\/06\/dilushaker-3or-1024x621.jpg","contentUrl":"https:\/\/labrobot.com\/wp-content\/uploads\/2021\/06\/dilushaker-3or-1024x621.jpg"},{"@type":"BreadcrumbList","@id":"https:\/\/labrobot.com\/dilushaker-iii\/#breadcrumb","itemListElement":[{"@type":"ListItem","position":1,"name":"Home","item":"https:\/\/labrobot.com\/es\/"},{"@type":"ListItem","position":2,"name":"Dilushaker III"}]},{"@type":"WebSite","@id":"https:\/\/labrobot.com\/#website","url":"https:\/\/labrobot.com\/","name":"LabRobot","description":"Easy quick ergonomic serial dilution method","publisher":{"@id":"https:\/\/labrobot.com\/#organization"},"potentialAction":[{"@type":"SearchAction","target":{"@type":"EntryPoint","urlTemplate":"https:\/\/labrobot.com\/?s={search_term_string}"},"query-input":{"@type":"PropertyValueSpecification","valueRequired":true,"valueName":"search_term_string"}}],"inLanguage":"es"},{"@type":"Organization","@id":"https:\/\/labrobot.com\/#organization","name":"LabRobot Products AB","url":"https:\/\/labrobot.com\/","logo":{"@type":"ImageObject","inLanguage":"es","@id":"https:\/\/labrobot.com\/#\/schema\/logo\/image\/","url":"https:\/\/labrobot.com\/wp-content\/uploads\/2018\/12\/LabRobot_LOGO_signatur.jpg","contentUrl":"https:\/\/labrobot.com\/wp-content\/uploads\/2018\/12\/LabRobot_LOGO_signatur.jpg","width":200,"height":54,"caption":"LabRobot Products AB"},"image":{"@id":"https:\/\/labrobot.com\/#\/schema\/logo\/image\/"},"sameAs":["https:\/\/www.facebook.com\/labrobotproductsab","https:\/\/www.linkedin.com\/company\/labrobot-products-ab\/","https:\/\/www.youtube.com\/channel\/UCHGyF_OHfxI1No9ahbU-agQ"]}]}},"_links":{"self":[{"href":"https:\/\/labrobot.com\/es\/wp-json\/wp\/v2\/pages\/10171","targetHints":{"allow":["GET"]}}],"collection":[{"href":"https:\/\/labrobot.com\/es\/wp-json\/wp\/v2\/pages"}],"about":[{"href":"https:\/\/labrobot.com\/es\/wp-json\/wp\/v2\/types\/page"}],"author":[{"embeddable":true,"href":"https:\/\/labrobot.com\/es\/wp-json\/wp\/v2\/users\/243"}],"replies":[{"embeddable":true,"href":"https:\/\/labrobot.com\/es\/wp-json\/wp\/v2\/comments?post=10171"}],"version-history":[{"count":3,"href":"https:\/\/labrobot.com\/es\/wp-json\/wp\/v2\/pages\/10171\/revisions"}],"predecessor-version":[{"id":21427,"href":"https:\/\/labrobot.com\/es\/wp-json\/wp\/v2\/pages\/10171\/revisions\/21427"}],"wp:attachment":[{"href":"https:\/\/labrobot.com\/es\/wp-json\/wp\/v2\/media?parent=10171"}],"curies":[{"name":"wp","href":"https:\/\/api.w.org\/{rel}","templated":true}]}}