{"id":19242,"date":"2021-02-26T12:23:22","date_gmt":"2021-02-26T11:23:22","guid":{"rendered":"https:\/\/labrobot.com\/home\/"},"modified":"2025-01-30T08:50:32","modified_gmt":"2025-01-30T07:50:32","slug":"home","status":"publish","type":"page","link":"https:\/\/labrobot.com\/de\/","title":{"rendered":"Home"},"content":{"rendered":"\n<h1>\n\t\tEinfache, schnelle und ergonomische serielle Verd\u00fcnnungen\n\t<\/h1>\n\t<p>Optimieren Sie Ihre serielle Verd\u00fcnnungsmethode mit dem Dilucup\u00ae-System. Entwickelt f\u00fcr einfache und pr\u00e4zise mikrobiologische Z\u00e4hlungen.<\/p>\n<h2>\n\t\tWas sind serielle Verd\u00fcnnungen?\n\t<\/h2>\n\t<p>Serielle Verd\u00fcnnungen beinhalten die schrittweise Verd\u00fcnnung einer Substanz in einer L\u00f6sung, typischerweise um einen konstanten Faktor, um die Konzentration von Mikroorganismen auf ein handhabbares Niveau zu reduzieren. Dies ist n\u00fctzlich, um die koloniebildenden Einheiten (KBE) pro Milliliter oder Gramm zu z\u00e4hlen, wobei jede Kolonie einen lebensf\u00e4higen Mikroorganismus aus der urspr\u00fcnglichen Probe repr\u00e4sentiert.<\/p>\nDas Dilucup\u00ae-System ist eine innovative L\u00f6sung, die Verd\u00fcnnungsr\u00f6hrchen und den Vortex ersetzt.<br \/>\nSparen Sie sich zeitaufw\u00e4ndige Vorbereitungen von Verd\u00fcnnungsmittel, das Autoklavieren, das Bef\u00fcllen von R\u00f6hrchen, die Qualit\u00e4tskontrolle sowie das Reinigen. Schonen Sie zudem ihre Handgelenke und Arme mit der einfachen und kontaktlosen Sch\u00fcttelfunktion.\n\t\t\t<a href=\"https:\/\/labrobot.com\/our-solution\/\" target=\"_self\">\n\t\t\t\t\t\t\tUnsere L\u00f6sung\n\t\t\t<\/a>\n<h3>\n\t\tWie kann das Dilucup\u00ae-System Ihre seriellen Verd\u00fcnnungen verbessern?\n\t<\/h3>\n\t<p>Das Dilucup\u00ae-System kann Ihnen sehr zugutekommen, wenn Sie genaue und standardisierte serielle Verd\u00fcnnungen sicherstellen, viel Zeit sparen und eine gute Ergonomie im Labor haben m\u00f6chten.<\/p>\n\t<h4>Sparen Sie Zeit<\/h4>\n\t<h4>Verletzungen vorbeugen<\/h4>\n\t<h4>Standardisierte Methode<\/h4>\n\t<h4>Einfache Lagerung und lange Haltbarkeit<br \/>\n(30 Monate)<\/h4>\n\t<h4>Kosteneffizient<\/h4>\n\t\t\t<a href=\"https:\/\/labrobot.com\/de\/serielle-verduennungen\/\" target=\"_self\">\n\t\t\t\t\t\t\tMehr lesen\n\t\t\t<\/a>\n\t<h5><strong>Referenzen.<\/strong><\/h5>\n\t\t\t<img decoding=\"async\" loading='false' src=\"https:\/\/labrobot.com\/wp-content\/uploads\/2024\/07\/bild-2.jpg\" alt=\"\" \/>\t\t\t\n\t\t\t\t&#8222;We save a lot of time with Dilucup\u00ae!<br \/>\nWe don&#8217;t need to either prepare the dilution tubes or do quality control of the diluents.<br \/>\nThe Dilucup\u00ae System truly makes life easier!&#8220;\n<em><strong>Martina Costa, <\/strong><\/em><em><strong>Director<br \/>\nGlobalab<br \/>\nPortugal<\/strong><\/em>\n<img decoding=\"async\" loading='false' src=\"https:\/\/labrobot.com\/wp-content\/uploads\/2024\/07\/bild-2.jpg\" alt=\"\" \/>\t\t\t\n\t\t\t<img decoding=\"async\" loading='false' src=\"https:\/\/labrobot.com\/wp-content\/uploads\/2022\/03\/testimonial2.jpg\" alt=\"\" \/>\t\t\t\n\t\t\t\t<p>&#8222;Smooth process, good quality and always fast delivery&#8220;<\/p>\n<strong><em>Peter Karlsson<br \/>\n<\/em><em> Quality lab coordinator,<br \/>\nArla Foods<br \/>\nJ\u00f6nk\u00f6ping, Sweden<\/em><\/strong>\n<img decoding=\"async\" loading='false' src=\"https:\/\/labrobot.com\/wp-content\/uploads\/2022\/03\/testimonial2.jpg\" alt=\"\" \/>\t\t\t\n\t\t\t<img decoding=\"async\" loading='false' src=\"https:\/\/labrobot.com\/wp-content\/uploads\/2024\/07\/PBV-testimonial-small.jpg\" alt=\"\" \/>\t\t\t\n\t\t\t\t&#8222;Easy and accurate to conduct measurements with Dilucup\u00ae System.\u00a0<br \/>\nThe exact volume of the solvent and the constant shaking\u00a0ensures a uniform concentration of the sample&#8220;.<em><br \/>\n<\/em>\n<em><strong>~ Tetiana Garkavanko, Deputy Director,<br \/>\nFood Safety and Consumer Protection,<br \/>\n<\/strong><\/em><em><strong>Ukraine<\/strong><\/em>\n<img decoding=\"async\" loading='false' src=\"https:\/\/labrobot.com\/wp-content\/uploads\/2024\/07\/PBV-testimonial-small.jpg\" alt=\"\" \/>\t\t\t\n\t<h6>Wir sind sozial. Folgen Sie uns!<\/h6>\n\n","protected":false},"excerpt":{"rendered":"<p>Einfache, schnelle und ergonomische serielle Verd\u00fcnnungen Optimieren Sie Ihre serielle Verd\u00fcnnungsmethode mit dem Dilucup\u00ae-System. Entwickelt f\u00fcr einfache und pr\u00e4zise mikrobiologische Z\u00e4hlungen. Was sind serielle Verd\u00fcnnungen? Serielle Verd\u00fcnnungen beinhalten die schrittweise Verd\u00fcnnung einer Substanz in einer L\u00f6sung, typischerweise um einen konstanten Faktor, um die Konzentration von Mikroorganismen auf ein handhabbares Niveau zu reduzieren. Dies ist n\u00fctzlich, &#8230; <a title=\"Home\" class=\"read-more\" href=\"https:\/\/labrobot.com\/de\/\" aria-label=\"Mehr Informationen \u00fcber Home\">Read more<\/a><\/p>\n","protected":false},"author":243,"featured_media":0,"parent":0,"menu_order":20,"comment_status":"closed","ping_status":"closed","template":"","meta":{"_acf_changed":false,"generate_page_header":"","footnotes":""},"class_list":["post-19242","page","type-page","status-publish"],"acf":[],"yoast_head":"<!-- This site is optimized with the Yoast SEO Premium plugin v27.3 (Yoast SEO v27.3) - https:\/\/yoast.com\/product\/yoast-seo-premium-wordpress\/ -->\n<title>Verd\u00fcnnungsreihen - Dilucup System<\/title>\n<meta name=\"description\" content=\"Optimieren Sie Ihre serielle Verd\u00fcnnungsmethode und ersetzen Sie die Verd\u00fcnnungsr\u00f6hrchen und den Vortex-Mischer durch das Dilucup-System. Wird f\u00fcr Plattenz\u00e4hlungen verwendet.\" \/>\n<meta name=\"robots\" content=\"index, follow, max-snippet:-1, max-image-preview:large, max-video-preview:-1\" \/>\n<link rel=\"canonical\" href=\"https:\/\/labrobot.com\/de\/\" \/>\n<meta property=\"og:locale\" content=\"de_DE\" \/>\n<meta property=\"og:type\" content=\"article\" \/>\n<meta property=\"og:title\" content=\"Home\" \/>\n<meta property=\"og:description\" content=\"Optimieren Sie Ihre serielle Verd\u00fcnnungsmethode und ersetzen Sie die Verd\u00fcnnungsr\u00f6hrchen und den Vortex-Mischer durch das Dilucup-System. Wird f\u00fcr Plattenz\u00e4hlungen verwendet.\" \/>\n<meta property=\"og:url\" content=\"https:\/\/labrobot.com\/de\/\" \/>\n<meta property=\"og:site_name\" content=\"LabRobot\" \/>\n<meta property=\"article:publisher\" content=\"https:\/\/www.facebook.com\/labrobotproductsab\" \/>\n<meta property=\"article:modified_time\" content=\"2025-01-30T07:50:32+00:00\" \/>\n<meta property=\"og:image\" content=\"https:\/\/labrobot.com\/wp-content\/uploads\/2024\/07\/bild-2.jpg\" \/>\n<meta name=\"twitter:card\" content=\"summary_large_image\" \/>\n<meta name=\"twitter:label1\" content=\"Gesch\u00e4tzte Lesezeit\" \/>\n\t<meta name=\"twitter:data1\" content=\"2\u00a0Minuten\" \/>\n<script type=\"application\/ld+json\" class=\"yoast-schema-graph\">{\"@context\":\"https:\\\/\\\/schema.org\",\"@graph\":[{\"@type\":\"WebPage\",\"@id\":\"https:\\\/\\\/labrobot.com\\\/de\\\/\",\"url\":\"https:\\\/\\\/labrobot.com\\\/de\\\/\",\"name\":\"Verd\u00fcnnungsreihen - Dilucup System\",\"isPartOf\":{\"@id\":\"https:\\\/\\\/labrobot.com\\\/#website\"},\"primaryImageOfPage\":{\"@id\":\"https:\\\/\\\/labrobot.com\\\/de\\\/#primaryimage\"},\"image\":{\"@id\":\"https:\\\/\\\/labrobot.com\\\/de\\\/#primaryimage\"},\"thumbnailUrl\":\"https:\\\/\\\/labrobot.com\\\/wp-content\\\/uploads\\\/2024\\\/07\\\/bild-2.jpg\",\"datePublished\":\"2021-02-26T11:23:22+00:00\",\"dateModified\":\"2025-01-30T07:50:32+00:00\",\"description\":\"Optimieren Sie Ihre serielle Verd\u00fcnnungsmethode und ersetzen Sie die Verd\u00fcnnungsr\u00f6hrchen und den Vortex-Mischer durch das Dilucup-System. Wird f\u00fcr Plattenz\u00e4hlungen verwendet.\",\"breadcrumb\":{\"@id\":\"https:\\\/\\\/labrobot.com\\\/de\\\/#breadcrumb\"},\"inLanguage\":\"de\",\"potentialAction\":[{\"@type\":\"ReadAction\",\"target\":[\"https:\\\/\\\/labrobot.com\\\/de\\\/\"]}]},{\"@type\":\"ImageObject\",\"inLanguage\":\"de\",\"@id\":\"https:\\\/\\\/labrobot.com\\\/de\\\/#primaryimage\",\"url\":\"https:\\\/\\\/labrobot.com\\\/wp-content\\\/uploads\\\/2024\\\/07\\\/bild-2.jpg\",\"contentUrl\":\"https:\\\/\\\/labrobot.com\\\/wp-content\\\/uploads\\\/2024\\\/07\\\/bild-2.jpg\"},{\"@type\":\"BreadcrumbList\",\"@id\":\"https:\\\/\\\/labrobot.com\\\/de\\\/#breadcrumb\",\"itemListElement\":[{\"@type\":\"ListItem\",\"position\":1,\"name\":\"Home\",\"item\":\"https:\\\/\\\/labrobot.com\\\/de\\\/\"},{\"@type\":\"ListItem\",\"position\":2,\"name\":\"Home\"}]},{\"@type\":\"WebSite\",\"@id\":\"https:\\\/\\\/labrobot.com\\\/#website\",\"url\":\"https:\\\/\\\/labrobot.com\\\/\",\"name\":\"LabRobot\",\"description\":\"Easy quick ergonomic serial dilution method\",\"publisher\":{\"@id\":\"https:\\\/\\\/labrobot.com\\\/#organization\"},\"potentialAction\":[{\"@type\":\"SearchAction\",\"target\":{\"@type\":\"EntryPoint\",\"urlTemplate\":\"https:\\\/\\\/labrobot.com\\\/?s={search_term_string}\"},\"query-input\":{\"@type\":\"PropertyValueSpecification\",\"valueRequired\":true,\"valueName\":\"search_term_string\"}}],\"inLanguage\":\"de\"},{\"@type\":\"Organization\",\"@id\":\"https:\\\/\\\/labrobot.com\\\/#organization\",\"name\":\"LabRobot Products AB\",\"url\":\"https:\\\/\\\/labrobot.com\\\/\",\"logo\":{\"@type\":\"ImageObject\",\"inLanguage\":\"de\",\"@id\":\"https:\\\/\\\/labrobot.com\\\/#\\\/schema\\\/logo\\\/image\\\/\",\"url\":\"https:\\\/\\\/labrobot.com\\\/wp-content\\\/uploads\\\/2018\\\/12\\\/LabRobot_LOGO_signatur.jpg\",\"contentUrl\":\"https:\\\/\\\/labrobot.com\\\/wp-content\\\/uploads\\\/2018\\\/12\\\/LabRobot_LOGO_signatur.jpg\",\"width\":200,\"height\":54,\"caption\":\"LabRobot Products AB\"},\"image\":{\"@id\":\"https:\\\/\\\/labrobot.com\\\/#\\\/schema\\\/logo\\\/image\\\/\"},\"sameAs\":[\"https:\\\/\\\/www.facebook.com\\\/labrobotproductsab\",\"https:\\\/\\\/www.linkedin.com\\\/company\\\/labrobot-products-ab\\\/\",\"https:\\\/\\\/www.youtube.com\\\/channel\\\/UCHGyF_OHfxI1No9ahbU-agQ\"]}]}<\/script>\n<!-- \/ Yoast SEO Premium plugin. -->","yoast_head_json":{"title":"Verd\u00fcnnungsreihen - Dilucup System","description":"Optimieren Sie Ihre serielle Verd\u00fcnnungsmethode und ersetzen Sie die Verd\u00fcnnungsr\u00f6hrchen und den Vortex-Mischer durch das Dilucup-System. Wird f\u00fcr Plattenz\u00e4hlungen verwendet.","robots":{"index":"index","follow":"follow","max-snippet":"max-snippet:-1","max-image-preview":"max-image-preview:large","max-video-preview":"max-video-preview:-1"},"canonical":"https:\/\/labrobot.com\/de\/","og_locale":"de_DE","og_type":"article","og_title":"Home","og_description":"Optimieren Sie Ihre serielle Verd\u00fcnnungsmethode und ersetzen Sie die Verd\u00fcnnungsr\u00f6hrchen und den Vortex-Mischer durch das Dilucup-System. Wird f\u00fcr Plattenz\u00e4hlungen verwendet.","og_url":"https:\/\/labrobot.com\/de\/","og_site_name":"LabRobot","article_publisher":"https:\/\/www.facebook.com\/labrobotproductsab","article_modified_time":"2025-01-30T07:50:32+00:00","og_image":[{"url":"https:\/\/labrobot.com\/wp-content\/uploads\/2024\/07\/bild-2.jpg","type":"","width":"","height":""}],"twitter_card":"summary_large_image","twitter_misc":{"Gesch\u00e4tzte Lesezeit":"2\u00a0Minuten"},"schema":{"@context":"https:\/\/schema.org","@graph":[{"@type":"WebPage","@id":"https:\/\/labrobot.com\/de\/","url":"https:\/\/labrobot.com\/de\/","name":"Verd\u00fcnnungsreihen - Dilucup System","isPartOf":{"@id":"https:\/\/labrobot.com\/#website"},"primaryImageOfPage":{"@id":"https:\/\/labrobot.com\/de\/#primaryimage"},"image":{"@id":"https:\/\/labrobot.com\/de\/#primaryimage"},"thumbnailUrl":"https:\/\/labrobot.com\/wp-content\/uploads\/2024\/07\/bild-2.jpg","datePublished":"2021-02-26T11:23:22+00:00","dateModified":"2025-01-30T07:50:32+00:00","description":"Optimieren Sie Ihre serielle Verd\u00fcnnungsmethode und ersetzen Sie die Verd\u00fcnnungsr\u00f6hrchen und den Vortex-Mischer durch das Dilucup-System. Wird f\u00fcr Plattenz\u00e4hlungen verwendet.","breadcrumb":{"@id":"https:\/\/labrobot.com\/de\/#breadcrumb"},"inLanguage":"de","potentialAction":[{"@type":"ReadAction","target":["https:\/\/labrobot.com\/de\/"]}]},{"@type":"ImageObject","inLanguage":"de","@id":"https:\/\/labrobot.com\/de\/#primaryimage","url":"https:\/\/labrobot.com\/wp-content\/uploads\/2024\/07\/bild-2.jpg","contentUrl":"https:\/\/labrobot.com\/wp-content\/uploads\/2024\/07\/bild-2.jpg"},{"@type":"BreadcrumbList","@id":"https:\/\/labrobot.com\/de\/#breadcrumb","itemListElement":[{"@type":"ListItem","position":1,"name":"Home","item":"https:\/\/labrobot.com\/de\/"},{"@type":"ListItem","position":2,"name":"Home"}]},{"@type":"WebSite","@id":"https:\/\/labrobot.com\/#website","url":"https:\/\/labrobot.com\/","name":"LabRobot","description":"Easy quick ergonomic serial dilution method","publisher":{"@id":"https:\/\/labrobot.com\/#organization"},"potentialAction":[{"@type":"SearchAction","target":{"@type":"EntryPoint","urlTemplate":"https:\/\/labrobot.com\/?s={search_term_string}"},"query-input":{"@type":"PropertyValueSpecification","valueRequired":true,"valueName":"search_term_string"}}],"inLanguage":"de"},{"@type":"Organization","@id":"https:\/\/labrobot.com\/#organization","name":"LabRobot Products AB","url":"https:\/\/labrobot.com\/","logo":{"@type":"ImageObject","inLanguage":"de","@id":"https:\/\/labrobot.com\/#\/schema\/logo\/image\/","url":"https:\/\/labrobot.com\/wp-content\/uploads\/2018\/12\/LabRobot_LOGO_signatur.jpg","contentUrl":"https:\/\/labrobot.com\/wp-content\/uploads\/2018\/12\/LabRobot_LOGO_signatur.jpg","width":200,"height":54,"caption":"LabRobot Products AB"},"image":{"@id":"https:\/\/labrobot.com\/#\/schema\/logo\/image\/"},"sameAs":["https:\/\/www.facebook.com\/labrobotproductsab","https:\/\/www.linkedin.com\/company\/labrobot-products-ab\/","https:\/\/www.youtube.com\/channel\/UCHGyF_OHfxI1No9ahbU-agQ"]}]}},"_links":{"self":[{"href":"https:\/\/labrobot.com\/de\/wp-json\/wp\/v2\/pages\/19242","targetHints":{"allow":["GET"]}}],"collection":[{"href":"https:\/\/labrobot.com\/de\/wp-json\/wp\/v2\/pages"}],"about":[{"href":"https:\/\/labrobot.com\/de\/wp-json\/wp\/v2\/types\/page"}],"author":[{"embeddable":true,"href":"https:\/\/labrobot.com\/de\/wp-json\/wp\/v2\/users\/243"}],"replies":[{"embeddable":true,"href":"https:\/\/labrobot.com\/de\/wp-json\/wp\/v2\/comments?post=19242"}],"version-history":[{"count":0,"href":"https:\/\/labrobot.com\/de\/wp-json\/wp\/v2\/pages\/19242\/revisions"}],"wp:attachment":[{"href":"https:\/\/labrobot.com\/de\/wp-json\/wp\/v2\/media?parent=19242"}],"curies":[{"name":"wp","href":"https:\/\/api.w.org\/{rel}","templated":true}]}}