{"id":18743,"date":"2024-11-20T10:30:43","date_gmt":"2024-11-20T09:30:43","guid":{"rendered":"https:\/\/labrobot.com\/?page_id=18743"},"modified":"2026-02-03T10:51:56","modified_gmt":"2026-02-03T09:51:56","slug":"serielle-verduennungen","status":"publish","type":"page","link":"https:\/\/labrobot.com\/de\/serielle-verduennungen\/","title":{"rendered":"Serielle Verd\u00fcnnungen"},"content":{"rendered":"\n\n\t<h1>\n\t\t\t\t\tSparen Sie\n\t\t\t\tZeit und Geld\n\t\t\t\t\tmit seriellen Verd\u00fcnnungen\n\t\t\t<\/h1>\n\t<p>Das Dilucup\u00ae-System hilft Ihnen, Ihren Prozess der Verd\u00fcnnungsreihen zu standardisieren und die Effizienz zu steigern, wodurch einfache und pr\u00e4zise Mikroorganismenz\u00e4hlungen gew\u00e4hrleistet werden.<\/p>\n<h2>\n\t\t\tEinfache Verd\u00fcnnungsreihen mit dem Dilucup\u00ae-System\t<\/h2>\n\t<p>Ein halbautomatisches System f\u00fcr Verd\u00fcnnungsreihen, bestehend aus Verd\u00fcnnungsbechern und einem Sch\u00fcttler, das traditionelle R\u00f6hrchen und den Vortex-Mischer ersetzt.<\/p>\n<figure itemscope itemtype=\"https:\/\/schema.org\/ImageObject\">\n\t\t\t\t<img decoding=\"async\" src=\"https:\/\/labrobot.com\/wp-content\/uploads\/2024\/05\/serial-dilution-cups-scaled.jpg\" alt=\"Serielle verd\u00fcnnungen, diluizioni-seriali dilui\u00e7\u00f5es em s\u00e9rie seriefortynninger sarjalaimennokset rozcie\u0144czenia seryjne\" height=\"1698\" width=\"2560\" title=\"serial dilution cups\" onerror=\"this.style.display='none'\" loading=\"lazy\" \/>\n\t<\/figure>\n\t<strong>Dilucup\u00ae Elegance<br \/>\n<\/strong>Gebrauchsfertige Verd\u00fcnnungsbecher, normalerweise gef\u00fcllt mit 9 mL\n<p><a href=\"https:\/\/labrobot.com\/dilucup-elegance\/\">Erfahren Sie mehr<\/a><\/p>\n<figure itemscope itemtype=\"https:\/\/schema.org\/ImageObject\">\n\t\t\t\t<img decoding=\"async\" src=\"https:\/\/labrobot.com\/wp-content\/uploads\/2023\/11\/dilugent-standard-dilutions-1-scaled.jpg\" alt=\"Serielle verd\u00fcnnungen Verd\u00fcnnungsreihen\" height=\"1666\" width=\"2560\" title=\"dilugent standard dilutions\" onerror=\"this.style.display='none'\" loading=\"lazy\" \/>\n\t<\/figure>\n\t<strong>Dilugent\u00ae Shaker<br \/>\n<\/strong>Erweiterte Funktionen. Es zeigt genau an, in welchem Becher verd\u00fcnnt werden soll.\n<p><a href=\"https:\/\/labrobot.com\/dilugent-shaker\/\">Erfahren Sie mehr<\/a><\/p>\n<figure itemscope itemtype=\"https:\/\/schema.org\/ImageObject\">\n\t\t\t\t<img decoding=\"async\" src=\"https:\/\/labrobot.com\/wp-content\/uploads\/2024\/10\/DSIII-DENACL6-2-scaled.jpg\" alt=\"dilushaker Verd\u00fcnnungen Serielle verd\u00fcnnungen, diluizioni-seriali dilui\u00e7\u00f5es em s\u00e9rie seriefortynninger sarjalaimennokset rozcie\u0144czenia seryjne\" height=\"1707\" width=\"2560\" title=\"Verd\u00fcnnungenSerielle verd\u00fcnnungen, diluizioni-seriali  dilui\u00e7\u00f5es em s\u00e9rie seriefortynninger  sarjalaimennokset rozcie\u0144czenia seryjne\" onerror=\"this.style.display='none'\" loading=\"lazy\" \/>\n\t<\/figure>\n\t<strong>Dilushaker III<br \/>\n<\/strong>Einfach und robust. Es zeigt an, in welcher Spalte sich der zu verd\u00fcnnende Becher befindet.\n<p><a href=\"https:\/\/labrobot.com\/dilushaker-iii\/\">Erfahren Sie mehr<\/a><\/p>\n\t<h3><strong>Maximieren Sie Effizienz und Sicherheit bei Ihren Verd\u00fcnnungen<\/strong><\/h3>\n<p>&nbsp;<\/p>\n\t<ul>\n\t\t\t<li>\n\t\t\t\tSparen Sie Vorbereitungszeit\n\t\t\t<\/li>\n\t\t<\/ul>\n\t<ul>\n\t\t\t<li>\n\t\t\t\t~50% schnellere Verd\u00fcnnungen\n\t\t\t<\/li>\n\t\t<\/ul>\n\t<ul>\n\t\t\t<li>\n\t\t\t\tVollst\u00e4ndig kompatibel mit ISO 7218:2024\n\t\t\t<\/li>\n\t\t<\/ul>\n\t<ul>\n\t\t\t<li>\n\t\t\t\tErgonomisch\n\t\t\t<\/li>\n\t\t<\/ul>\n\t<ul>\n\t\t\t<li>\n\t\t\t\tHochpr\u00e4zise Verd\u00fcnnungsvolumina (typischerweise 9 mL \u00b1 0,5 %)\n\t\t\t<\/li>\n\t\t<\/ul>\n\t<ul>\n\t\t\t<li>\n\t\t\t\tSparen Sie 50 % Speicherplatz im Vergleich zu R\u00f6hrchen\n\t\t\t<\/li>\n\t\t<\/ul>\n\t<ul>\n\t\t\t<li>\n\t\t\t\tHaltbarkeit von 30 Monaten ab Produktionsdatum\n\t\t\t<\/li>\n\t\t<\/ul>\n\t<ul>\n\t\t\t<li>\n\t\t\t\tKosteneffizient\n\t\t\t<\/li>\n\t\t<\/ul>\n\t\t\t<a href=\"https:\/\/labrobot.com\/benefits\/\"  target=\"_self\">\n\t\t\t\t\t\tLesen Sie mehr \u00fcber die Vorteile\n\t\t\t\t\t<\/a>\n\t\t<meta itemprop=\"url\" content=\"https:\/\/labrobot.com\/wp-content\/uploads\/2024\/11\/Guided-dilutions-Dilugent-Shaker-Pro-web.mp4\" \/><div style=\"width: 640px;\" class=\"wp-video\"><video muted class=\"wp-video-shortcode\" id=\"video-18743-1\" width=\"640\" height=\"360\" loop autoplay preload=\"metadata\" controls=\"controls\"><source type=\"video\/mp4\" src=\"https:\/\/labrobot.com\/wp-content\/uploads\/2024\/11\/Guided-dilutions-Dilugent-Shaker-Pro-web.mp4?_=1\" \/><source type=\"video\/mp4\" src=\"https:\/\/labrobot.com\/wp-content\/uploads\/2024\/11\/Guided-dilutions-Dilugent-Shaker-Pro-web.mp4?_=1\" \/><a href=\"https:\/\/labrobot.com\/wp-content\/uploads\/2024\/11\/Guided-dilutions-Dilugent-Shaker-Pro-web.mp4\">https:\/\/labrobot.com\/wp-content\/uploads\/2024\/11\/Guided-dilutions-Dilugent-Shaker-Pro-web.mp4<\/a><\/video><\/div>\t\n<h4>\n\t\t\tKontaktieren Sie Ihren \u00f6rtlichen Lieferanten\t<\/h4>\n\t<p><img loading=\"lazy\" decoding=\"async\" src=\"https:\/\/labrobot.com\/wp-content\/uploads\/2022\/05\/germany.png\" alt=\"\" width=\"100\" height=\"60\" \/> <strong>DEUTSCHLAND\u00a0<\/strong><\/p>\n<strong>Romer Labs Deutschland GmbH<br \/>\n<\/strong>Schorbachstrasse 9<br \/>\n35510 Butzbach,<br \/>\nDeutschland<br \/>\n<a title=\"http:\/\/www.romerlabs.com\/de\" href=\"https:\/\/www.romerlabs.com\/at_de\/handelsware-deutschland\" target=\"_blank\" rel=\"noopener\">www.romerlabs.com\/de<\/a><br \/>\n+49 6033-7480-100\n<strong>Kontakt:<\/strong>\u00a0Dr. Sandra Nitschkowski<br \/>\n<a href=\"mailto:Romerlabs.de@dsm-firmenich.com\">Romerlabs.de@dsm-firmenich.com<\/a>\n\t<p><img loading=\"lazy\" decoding=\"async\" src=\"https:\/\/labrobot.com\/wp-content\/uploads\/2022\/05\/austria-300x200.png\" alt=\"\" width=\"101\" height=\"67\" \/> <strong>\u00d6STERREICH<\/strong><\/p>\n<strong>Biomedica Medizinprodukte GmbH &amp; Co KG<\/strong><br \/>\nDivischgasse 4<br \/>\n1210 Vienna, Austria<br \/>\n<a href=\"https:\/\/www.bmgrp.eu\/en\/suppliers\/supplier-detail?sid=304606\">www.bmgrp.at<\/a><br \/>\n+43 12 910 70\n<strong>Kontakt:<\/strong>\u00a0Rainer Klinger<strong><br \/>\n<\/strong><a href=\"mailto:rainer.klinger@bmgrp.at\">rainer.klinger@bmgrp.at<\/a><br \/>\n<a href=\"mailto:sales@bmgrp.at\">sales@bmgrp.at<\/a>\n\t<p><img loading=\"lazy\" decoding=\"async\" src=\"https:\/\/labrobot.com\/wp-content\/uploads\/2022\/05\/suiza.png\" alt=\"\" width=\"100\" height=\"61\" \/>\u00a0<strong>SCHWEIZ<\/strong><\/p>\n<strong>IGZ Instruments AG<br \/>\n<\/strong>Furtbachstrasse 17, CH-8107 Buchs ZH,<br \/>\nSwitzerland<br \/>\n<a title=\"http:\/\/www.igz.ch\" href=\"http:\/\/www.igz.ch\/\" target=\"_blank\" rel=\"noopener\">www.igz.ch<\/a><br \/>\n+41 44 456 33 33\n<p>&nbsp;<\/p>\n\t\t\t<a href=\"https:\/\/labrobot.com\/contact-distributors\/\"  target=\"_self\">\n\t\t\t\t\t\tAndere Lieferanten\n\t\t\t\t\t<\/a>\n\n","protected":false},"excerpt":{"rendered":"<p>Sparen Sie Zeit und Geld mit seriellen Verd\u00fcnnungen Das Dilucup\u00ae-System hilft Ihnen, Ihren Prozess der Verd\u00fcnnungsreihen zu standardisieren und die Effizienz zu steigern, wodurch einfache und pr\u00e4zise Mikroorganismenz\u00e4hlungen gew\u00e4hrleistet werden. Einfache Verd\u00fcnnungsreihen mit dem Dilucup\u00ae-System Ein halbautomatisches System f\u00fcr Verd\u00fcnnungsreihen, bestehend aus Verd\u00fcnnungsbechern und einem Sch\u00fcttler, das traditionelle R\u00f6hrchen und den Vortex-Mischer ersetzt. Dilucup\u00ae Elegance &#8230; <a title=\"Serielle Verd\u00fcnnungen\" class=\"read-more\" href=\"https:\/\/labrobot.com\/de\/serielle-verduennungen\/\" aria-label=\"Mehr Informationen \u00fcber Serielle Verd\u00fcnnungen\">Read more<\/a><\/p>\n","protected":false},"author":243,"featured_media":0,"parent":0,"menu_order":0,"comment_status":"closed","ping_status":"closed","template":"","meta":{"_acf_changed":false,"generate_page_header":"","footnotes":""},"class_list":["post-18743","page","type-page","status-publish"],"acf":[],"yoast_head":"<!-- This site is optimized with the Yoast SEO Premium plugin v27.3 (Yoast SEO v27.3) - https:\/\/yoast.com\/product\/yoast-seo-premium-wordpress\/ -->\n<title>Serielle Verd\u00fcnnungen - Dilucup System<\/title>\n<meta name=\"description\" content=\"Optimieren Sie Ihre Verd\u00fcnnungsreihen und sparen Sie Zeit und Geld mit dem Dilucup\u00ae-System. Schnelle und einfache serielle Verd\u00fcnnungen.\" \/>\n<meta name=\"robots\" content=\"index, follow, max-snippet:-1, max-image-preview:large, max-video-preview:-1\" \/>\n<link rel=\"canonical\" href=\"https:\/\/labrobot.com\/de\/serielle-verduennungen\/\" \/>\n<meta property=\"og:locale\" content=\"de_DE\" \/>\n<meta property=\"og:type\" content=\"article\" \/>\n<meta property=\"og:title\" content=\"Serielle Verd\u00fcnnungen\" \/>\n<meta property=\"og:description\" content=\"Optimieren Sie Ihre Verd\u00fcnnungsreihen und sparen Sie Zeit und Geld mit dem Dilucup\u00ae-System. Schnelle und einfache serielle Verd\u00fcnnungen.\" \/>\n<meta property=\"og:url\" content=\"https:\/\/labrobot.com\/de\/serielle-verduennungen\/\" \/>\n<meta property=\"og:site_name\" content=\"LabRobot\" \/>\n<meta property=\"article:publisher\" content=\"https:\/\/www.facebook.com\/labrobotproductsab\" \/>\n<meta property=\"article:modified_time\" content=\"2026-02-03T09:51:56+00:00\" \/>\n<meta property=\"og:image\" content=\"https:\/\/labrobot.com\/wp-content\/uploads\/2024\/05\/serial-dilution-cups-scaled.jpg\" \/>\n<meta name=\"twitter:card\" content=\"summary_large_image\" \/>\n<meta name=\"twitter:label1\" content=\"Gesch\u00e4tzte Lesezeit\" \/>\n\t<meta name=\"twitter:data1\" content=\"3\u00a0Minuten\" \/>\n<script type=\"application\/ld+json\" class=\"yoast-schema-graph\">{\"@context\":\"https:\\\/\\\/schema.org\",\"@graph\":[{\"@type\":\"WebPage\",\"@id\":\"https:\\\/\\\/labrobot.com\\\/de\\\/serielle-verduennungen\\\/\",\"url\":\"https:\\\/\\\/labrobot.com\\\/de\\\/serielle-verduennungen\\\/\",\"name\":\"Serielle Verd\u00fcnnungen - Dilucup System\",\"isPartOf\":{\"@id\":\"https:\\\/\\\/labrobot.com\\\/#website\"},\"primaryImageOfPage\":{\"@id\":\"https:\\\/\\\/labrobot.com\\\/de\\\/serielle-verduennungen\\\/#primaryimage\"},\"image\":{\"@id\":\"https:\\\/\\\/labrobot.com\\\/de\\\/serielle-verduennungen\\\/#primaryimage\"},\"thumbnailUrl\":\"https:\\\/\\\/labrobot.com\\\/wp-content\\\/uploads\\\/2024\\\/05\\\/serial-dilution-cups-scaled.jpg\",\"datePublished\":\"2024-11-20T09:30:43+00:00\",\"dateModified\":\"2026-02-03T09:51:56+00:00\",\"description\":\"Optimieren Sie Ihre Verd\u00fcnnungsreihen und sparen Sie Zeit und Geld mit dem Dilucup\u00ae-System. Schnelle und einfache serielle Verd\u00fcnnungen.\",\"breadcrumb\":{\"@id\":\"https:\\\/\\\/labrobot.com\\\/de\\\/serielle-verduennungen\\\/#breadcrumb\"},\"inLanguage\":\"de\",\"potentialAction\":[{\"@type\":\"ReadAction\",\"target\":[\"https:\\\/\\\/labrobot.com\\\/de\\\/serielle-verduennungen\\\/\"]}]},{\"@type\":\"ImageObject\",\"inLanguage\":\"de\",\"@id\":\"https:\\\/\\\/labrobot.com\\\/de\\\/serielle-verduennungen\\\/#primaryimage\",\"url\":\"https:\\\/\\\/labrobot.com\\\/wp-content\\\/uploads\\\/2024\\\/05\\\/serial-dilution-cups-scaled.jpg\",\"contentUrl\":\"https:\\\/\\\/labrobot.com\\\/wp-content\\\/uploads\\\/2024\\\/05\\\/serial-dilution-cups-scaled.jpg\"},{\"@type\":\"BreadcrumbList\",\"@id\":\"https:\\\/\\\/labrobot.com\\\/de\\\/serielle-verduennungen\\\/#breadcrumb\",\"itemListElement\":[{\"@type\":\"ListItem\",\"position\":1,\"name\":\"Home\",\"item\":\"https:\\\/\\\/labrobot.com\\\/de\\\/\"},{\"@type\":\"ListItem\",\"position\":2,\"name\":\"Serielle Verd\u00fcnnungen\"}]},{\"@type\":\"WebSite\",\"@id\":\"https:\\\/\\\/labrobot.com\\\/#website\",\"url\":\"https:\\\/\\\/labrobot.com\\\/\",\"name\":\"LabRobot\",\"description\":\"Easy quick ergonomic serial dilution method\",\"publisher\":{\"@id\":\"https:\\\/\\\/labrobot.com\\\/#organization\"},\"potentialAction\":[{\"@type\":\"SearchAction\",\"target\":{\"@type\":\"EntryPoint\",\"urlTemplate\":\"https:\\\/\\\/labrobot.com\\\/?s={search_term_string}\"},\"query-input\":{\"@type\":\"PropertyValueSpecification\",\"valueRequired\":true,\"valueName\":\"search_term_string\"}}],\"inLanguage\":\"de\"},{\"@type\":\"Organization\",\"@id\":\"https:\\\/\\\/labrobot.com\\\/#organization\",\"name\":\"LabRobot Products AB\",\"url\":\"https:\\\/\\\/labrobot.com\\\/\",\"logo\":{\"@type\":\"ImageObject\",\"inLanguage\":\"de\",\"@id\":\"https:\\\/\\\/labrobot.com\\\/#\\\/schema\\\/logo\\\/image\\\/\",\"url\":\"https:\\\/\\\/labrobot.com\\\/wp-content\\\/uploads\\\/2018\\\/12\\\/LabRobot_LOGO_signatur.jpg\",\"contentUrl\":\"https:\\\/\\\/labrobot.com\\\/wp-content\\\/uploads\\\/2018\\\/12\\\/LabRobot_LOGO_signatur.jpg\",\"width\":200,\"height\":54,\"caption\":\"LabRobot Products AB\"},\"image\":{\"@id\":\"https:\\\/\\\/labrobot.com\\\/#\\\/schema\\\/logo\\\/image\\\/\"},\"sameAs\":[\"https:\\\/\\\/www.facebook.com\\\/labrobotproductsab\",\"https:\\\/\\\/www.linkedin.com\\\/company\\\/labrobot-products-ab\\\/\",\"https:\\\/\\\/www.youtube.com\\\/channel\\\/UCHGyF_OHfxI1No9ahbU-agQ\"]}]}<\/script>\n<!-- \/ Yoast SEO Premium plugin. -->","yoast_head_json":{"title":"Serielle Verd\u00fcnnungen - Dilucup System","description":"Optimieren Sie Ihre Verd\u00fcnnungsreihen und sparen Sie Zeit und Geld mit dem Dilucup\u00ae-System. Schnelle und einfache serielle Verd\u00fcnnungen.","robots":{"index":"index","follow":"follow","max-snippet":"max-snippet:-1","max-image-preview":"max-image-preview:large","max-video-preview":"max-video-preview:-1"},"canonical":"https:\/\/labrobot.com\/de\/serielle-verduennungen\/","og_locale":"de_DE","og_type":"article","og_title":"Serielle Verd\u00fcnnungen","og_description":"Optimieren Sie Ihre Verd\u00fcnnungsreihen und sparen Sie Zeit und Geld mit dem Dilucup\u00ae-System. Schnelle und einfache serielle Verd\u00fcnnungen.","og_url":"https:\/\/labrobot.com\/de\/serielle-verduennungen\/","og_site_name":"LabRobot","article_publisher":"https:\/\/www.facebook.com\/labrobotproductsab","article_modified_time":"2026-02-03T09:51:56+00:00","og_image":[{"url":"https:\/\/labrobot.com\/wp-content\/uploads\/2024\/05\/serial-dilution-cups-scaled.jpg","type":"","width":"","height":""}],"twitter_card":"summary_large_image","twitter_misc":{"Gesch\u00e4tzte Lesezeit":"3\u00a0Minuten"},"schema":{"@context":"https:\/\/schema.org","@graph":[{"@type":"WebPage","@id":"https:\/\/labrobot.com\/de\/serielle-verduennungen\/","url":"https:\/\/labrobot.com\/de\/serielle-verduennungen\/","name":"Serielle Verd\u00fcnnungen - Dilucup System","isPartOf":{"@id":"https:\/\/labrobot.com\/#website"},"primaryImageOfPage":{"@id":"https:\/\/labrobot.com\/de\/serielle-verduennungen\/#primaryimage"},"image":{"@id":"https:\/\/labrobot.com\/de\/serielle-verduennungen\/#primaryimage"},"thumbnailUrl":"https:\/\/labrobot.com\/wp-content\/uploads\/2024\/05\/serial-dilution-cups-scaled.jpg","datePublished":"2024-11-20T09:30:43+00:00","dateModified":"2026-02-03T09:51:56+00:00","description":"Optimieren Sie Ihre Verd\u00fcnnungsreihen und sparen Sie Zeit und Geld mit dem Dilucup\u00ae-System. Schnelle und einfache serielle Verd\u00fcnnungen.","breadcrumb":{"@id":"https:\/\/labrobot.com\/de\/serielle-verduennungen\/#breadcrumb"},"inLanguage":"de","potentialAction":[{"@type":"ReadAction","target":["https:\/\/labrobot.com\/de\/serielle-verduennungen\/"]}]},{"@type":"ImageObject","inLanguage":"de","@id":"https:\/\/labrobot.com\/de\/serielle-verduennungen\/#primaryimage","url":"https:\/\/labrobot.com\/wp-content\/uploads\/2024\/05\/serial-dilution-cups-scaled.jpg","contentUrl":"https:\/\/labrobot.com\/wp-content\/uploads\/2024\/05\/serial-dilution-cups-scaled.jpg"},{"@type":"BreadcrumbList","@id":"https:\/\/labrobot.com\/de\/serielle-verduennungen\/#breadcrumb","itemListElement":[{"@type":"ListItem","position":1,"name":"Home","item":"https:\/\/labrobot.com\/de\/"},{"@type":"ListItem","position":2,"name":"Serielle Verd\u00fcnnungen"}]},{"@type":"WebSite","@id":"https:\/\/labrobot.com\/#website","url":"https:\/\/labrobot.com\/","name":"LabRobot","description":"Easy quick ergonomic serial dilution method","publisher":{"@id":"https:\/\/labrobot.com\/#organization"},"potentialAction":[{"@type":"SearchAction","target":{"@type":"EntryPoint","urlTemplate":"https:\/\/labrobot.com\/?s={search_term_string}"},"query-input":{"@type":"PropertyValueSpecification","valueRequired":true,"valueName":"search_term_string"}}],"inLanguage":"de"},{"@type":"Organization","@id":"https:\/\/labrobot.com\/#organization","name":"LabRobot Products AB","url":"https:\/\/labrobot.com\/","logo":{"@type":"ImageObject","inLanguage":"de","@id":"https:\/\/labrobot.com\/#\/schema\/logo\/image\/","url":"https:\/\/labrobot.com\/wp-content\/uploads\/2018\/12\/LabRobot_LOGO_signatur.jpg","contentUrl":"https:\/\/labrobot.com\/wp-content\/uploads\/2018\/12\/LabRobot_LOGO_signatur.jpg","width":200,"height":54,"caption":"LabRobot Products AB"},"image":{"@id":"https:\/\/labrobot.com\/#\/schema\/logo\/image\/"},"sameAs":["https:\/\/www.facebook.com\/labrobotproductsab","https:\/\/www.linkedin.com\/company\/labrobot-products-ab\/","https:\/\/www.youtube.com\/channel\/UCHGyF_OHfxI1No9ahbU-agQ"]}]}},"_links":{"self":[{"href":"https:\/\/labrobot.com\/de\/wp-json\/wp\/v2\/pages\/18743","targetHints":{"allow":["GET"]}}],"collection":[{"href":"https:\/\/labrobot.com\/de\/wp-json\/wp\/v2\/pages"}],"about":[{"href":"https:\/\/labrobot.com\/de\/wp-json\/wp\/v2\/types\/page"}],"author":[{"embeddable":true,"href":"https:\/\/labrobot.com\/de\/wp-json\/wp\/v2\/users\/243"}],"replies":[{"embeddable":true,"href":"https:\/\/labrobot.com\/de\/wp-json\/wp\/v2\/comments?post=18743"}],"version-history":[{"count":1,"href":"https:\/\/labrobot.com\/de\/wp-json\/wp\/v2\/pages\/18743\/revisions"}],"predecessor-version":[{"id":21370,"href":"https:\/\/labrobot.com\/de\/wp-json\/wp\/v2\/pages\/18743\/revisions\/21370"}],"wp:attachment":[{"href":"https:\/\/labrobot.com\/de\/wp-json\/wp\/v2\/media?parent=18743"}],"curies":[{"name":"wp","href":"https:\/\/api.w.org\/{rel}","templated":true}]}}